{"id":1467,"date":"2023-01-18T15:34:38","date_gmt":"2023-01-18T21:34:38","guid":{"rendered":"https:\/\/www.meridianillinois.com\/odnowienie\/spolecznosc\/"},"modified":"2025-06-10T12:13:21","modified_gmt":"2025-06-10T17:13:21","slug":"spolecznosc","status":"publish","type":"page","link":"https:\/\/www.meridianillinois.com\/pl\/odnowienie\/spolecznosc\/","title":{"rendered":"Dla spo\u0142eczno\u015bci"},"content":{"rendered":"\n<div class=\"wp-block-group meridian-hero-tertiary has-global-padding is-layout-constrained wp-block-group-is-layout-constrained\">\n<p class=\"pd-period\">przejd\u017amy przez weryfikacj\u0119 uprawnie\u0144\u2014<br \/><strong><em>razem<\/em><\/strong><\/p>\n<\/div>\n\n\n\n<div class=\"wp-block-columns pd-section pd-rule-bottom is-layout-flex wp-container-core-columns-is-layout-1 wp-block-columns-is-layout-flex\">\n<div class=\"wp-block-column col-md-12 col-lg-9 is-layout-flow wp-block-column-is-layout-flow\">\n<p><strong>Dla partner\u00f3w spo\u0142ecznych<\/strong><\/p>\n\n\n\n<h1 class=\"wp-block-heading\">Pomagamy wszystkim pacjentom odnowi\u0107 ubezpieczenie zdrowotne Medicaid.<\/h1>\n\n\n\n<p class=\"mb-0\">Nasi partnerzy spo\u0142eczni maj\u0105 szczeg\u00f3lne zadanie, polegaj\u0105ce na pomocy pacjentom w\u202fzachowaniu ubezpieczenia opieki zdrowotnej w\u202fokresie weryfikacji uprawnie\u0144 \u2013 wspieramy ich na ka\u017cdym kroku. Poniewa\u017c je\u015bli wi\u0119cej os\u00f3b uzyska potrzebne im \u015bwiadczenia, ca\u0142y stan mo\u017ce \u017cy\u0107 zdrowiej.&nbsp;<\/p>\n<\/div>\n<\/div>\n\n\n\n<div class=\"wp-block-columns pd-section pb-0 is-layout-flex wp-container-core-columns-is-layout-2 wp-block-columns-is-layout-flex\">\n<div class=\"wp-block-column col-md-12 col-lg-10 is-layout-flow wp-block-column-is-layout-flow\">\n<h3 class=\"wp-block-heading\">Czym jest weryfikacja uprawnie\u0144?<\/h3>\n\n\n\n<p class=\"mb-4x\"><strong>Weryfikacja uprawnie\u0144 umo\u017cliwia osobom korzystaj\u0105cym ze \u015bwiadcze\u0144 Medicaid odnowienie ubezpieczenia zdrowotnego.<\/strong><br \/>Ka\u017cdego roku Wydzia\u0142 Opieki Zdrowotnej i\u202f\u015awiadcze\u0144 Rodzinnych stanu Illinois (Illinois Department of Healthcare and Family Services, HFS) przeprowadza analiz\u0119 sytuacji finansowo-rodzinnej wszystkich ubezpieczonych. Analiza ta, nazywana weryfikacj\u0105 uprawnie\u0144, ma za zadanie zweryfikowanie, czy ubezpieczeni nadal kwalifikuj\u0105 si\u0119 do udzia\u0142u w\u202fprogramie Medicaid.<\/p>\n<\/div>\n<\/div>\n\n\n\n<div class=\"wp-block-columns pd-section meridian-connect pb-0 is-layout-flex wp-container-core-columns-is-layout-3 wp-block-columns-is-layout-flex\">\n<div class=\"wp-block-column order-md-2 col-md-4 is-layout-flow wp-block-column-is-layout-flow\">\n<figure class=\"wp-block-image size-full\"><img decoding=\"async\" width=\"1040\" height=\"1040\" src=\"https:\/\/www.meridianillinois.com\/wp-content\/uploads\/meridian-hfs@2x.png\" alt=\"\" class=\"wp-image-189\" srcset=\"https:\/\/www.meridianillinois.com\/wp-content\/uploads\/meridian-hfs@2x.png 1040w, https:\/\/www.meridianillinois.com\/wp-content\/uploads\/meridian-hfs@2x-960x960.png 960w, https:\/\/www.meridianillinois.com\/wp-content\/uploads\/meridian-hfs@2x-640x640.png 640w, https:\/\/www.meridianillinois.com\/wp-content\/uploads\/meridian-hfs@2x-768x768.png 768w, https:\/\/www.meridianillinois.com\/wp-content\/uploads\/meridian-hfs@2x-320x320.png 320w\" sizes=\"(max-width: 1040px) 100vw, 1040px\" \/><\/figure>\n<\/div>\n\n\n\n<div class=\"wp-block-column col-md-8 is-layout-flow wp-block-column-is-layout-flow\">\n<h3 class=\"wp-block-heading\">Otrzymaj wsparcie, na kt\u00f3re zas\u0142ugujesz zar\u00f3wno Ty, jak i Twoja spo\u0142eczno\u015b\u0107.<\/h3>\n\n\n\n<p>Skontaktuj si\u0119 ze stanowym biurem Medicaid (przy Wydziale HFS) w sprawie pyta\u0144 i informacji na temat dost\u0119pnych zasob\u00f3w:<\/p>\n\n\n\n<p><strong><a href=\"tel:1-8008436154\">1-800-843-6154<\/a> (TTY: <a href=\"tel:+18663245553\">1-866-324-5553<\/a>), bezp\u0142atna infolinia<br \/>czynna od poniedzia\u0142ku do pi\u0105tku, w godz. od 8:00 do 17:30.<\/strong><\/p>\n<\/div>\n<\/div>\n\n\n\n<div class=\"wp-block-columns pd-section is-layout-flex wp-container-core-columns-is-layout-5 wp-block-columns-is-layout-flex\">\n<div class=\"wp-block-column col-md-12 col-lg-4 is-layout-flow wp-block-column-is-layout-flow\" style=\"flex-basis:33.33%\">\n<h3 class=\"wp-block-heading\">Zasoby dla <br \/>naszych pacjent\u00f3w<\/h3>\n<\/div>\n\n\n\n<div class=\"wp-block-column col-md-12 col-lg-8 is-layout-flow wp-block-column-is-layout-flow\" style=\"flex-basis:66.66%\">\n<div class=\"wp-block-columns is-layout-flex wp-container-core-columns-is-layout-4 wp-block-columns-is-layout-flex\">\n<div class=\"wp-block-column is-layout-flow wp-block-column-is-layout-flow\">\n<div id=\"pd-block_64630bdc47e0aa1bcb2ce83d5a23b032\" class=\"wp-block-icon-bullets pd-icon-bullets tertiary-bullets\">\n            <div class=\"pd-icon-bullet\">\n        <img decoding=\"async\" width=\"126\" height=\"126\" src=\"https:\/\/www.meridianillinois.com\/wp-content\/uploads\/Meridian_Icon_Guide.png\" class=\"attachment-thumbnail size-thumbnail\" alt=\"Icon of a piece of paper or guide.\" \/>        <div>\n          <h5>Skorzystaj z naszego przewodnika.<\/h5>\n<p><a href=\"https:\/\/www.meridianillinois.com\/renew\/howto\/\">Instrukcja przeprowadzenia weryfikacji<\/a> uprawnie\u0144 krok po kroku.<\/p>\n        <\/div>\n      <\/div>\n          <div class=\"pd-icon-bullet\">\n        <img decoding=\"async\" width=\"126\" height=\"126\" src=\"https:\/\/www.meridianillinois.com\/wp-content\/uploads\/Meridian_RedeMicrosite_12Jan2023_Laptop-1.png\" class=\"attachment-thumbnail size-thumbnail\" alt=\"Icon of a computer on a blank webpage.\" \/>        <div>\n          <h5>Zach\u0119camy do skorzystania z narz\u0119dzia interaktywnego.<\/h5>\n<p><a href=\"https:\/\/www.meridianillinois.com\/renew\/howto\/#interactive-tool\">Przekonaj si\u0119, na jakim etapie realizacji ca\u0142ego procesu jeste\u015b i co robi\u0107 dalej.<\/a><\/p>\n        <\/div>\n      <\/div>\n          <div class=\"pd-icon-bullet\">\n        <img decoding=\"async\" width=\"126\" height=\"126\" src=\"https:\/\/www.meridianillinois.com\/wp-content\/uploads\/Meridian_Icon_Primary_MemberServices-2.png\" class=\"attachment-thumbnail size-thumbnail\" alt=\"Icon of a phone headset.\" \/>        <div>\n          <h5>Zadzwo\u0144 do Centrum Obs\u0142ugi<\/h5>\n<p>Pacjent\u00f3w pod numer <a href=\"tel:+18666063700\">866-606-3700<\/a> (TTY: <a href=\"tel:711\">711<\/a>). S\u0142u\u017cymy naszym pacjentom pomoc\u0105 w\u202fweryfikacji uprawnie\u0144.\u00a0<\/p>\n        <\/div>\n      <\/div>\n      <\/div><\/div>\n<\/div>\n<\/div>\n<\/div>\n","protected":false},"excerpt":{"rendered":"<p>przejd\u017amy przez weryfikacj\u0119 uprawnie\u0144\u2014razem Dla partner\u00f3w spo\u0142ecznych Pomagamy wszystkim pacjentom odnowi\u0107 ubezpieczenie zdrowotne Medicaid. Nasi partnerzy spo\u0142eczni maj\u0105 szczeg\u00f3lne zadanie, polegaj\u0105ce na pomocy pacjentom w\u202fzachowaniu ubezpieczenia opieki zdrowotnej w\u202fokresie weryfikacji uprawnie\u0144 \u2013 wspieramy ich na ka\u017cdym kroku. Poniewa\u017c je\u015bli wi\u0119cej os\u00f3b uzyska potrzebne im \u015bwiadczenia, ca\u0142y stan mo\u017ce \u017cy\u0107 zdrowiej.&nbsp; Czym jest weryfikacja uprawnie\u0144? Weryfikacja [&hellip;]<\/p>\n","protected":false},"author":1,"featured_media":0,"parent":1427,"menu_order":0,"comment_status":"closed","ping_status":"closed","template":"","meta":{"_acf_changed":false,"footnotes":""},"class_list":["post-1467","page","type-page","status-publish","hentry"],"yoast_head":"<!-- This site is optimized with the Yoast SEO plugin v24.0 - https:\/\/yoast.com\/wordpress\/plugins\/seo\/ -->\n<title>Dla spo\u0142eczno\u015bci | Meridian<\/title>\n<meta name=\"description\" content=\"Zapoznaj si\u0119 z\u202finformacjami na temat weryfikacji uprawnie\u0144 do ubezpieczenia Medicaid. Prezentujemy wa\u017cne informacje na temat odnowienia uprawnie\u0144 do \u015bwiadcze\u0144 Medicaid w\u202fstanie Illinois.\" \/>\n<meta name=\"robots\" content=\"index, follow, max-snippet:-1, max-image-preview:large, max-video-preview:-1\" \/>\n<link rel=\"canonical\" href=\"https:\/\/www.meridianillinois.com\/pl\/odnowienie\/spolecznosc\/\" \/>\n<meta property=\"og:locale\" content=\"pl_PL\" \/>\n<meta property=\"og:type\" content=\"article\" \/>\n<meta property=\"og:title\" content=\"Dla spo\u0142eczno\u015bci | Meridian\" \/>\n<meta property=\"og:description\" content=\"Zapoznaj si\u0119 z\u202finformacjami na temat weryfikacji uprawnie\u0144 do ubezpieczenia Medicaid. Prezentujemy wa\u017cne informacje na temat odnowienia uprawnie\u0144 do \u015bwiadcze\u0144 Medicaid w\u202fstanie Illinois.\" \/>\n<meta property=\"og:url\" content=\"https:\/\/www.meridianillinois.com\/pl\/odnowienie\/spolecznosc\/\" \/>\n<meta property=\"og:site_name\" content=\"Meridian\" \/>\n<meta property=\"article:modified_time\" content=\"2025-06-10T17:13:21+00:00\" \/>\n<meta property=\"og:image\" content=\"https:\/\/www.meridianillinois.com\/wp-content\/uploads\/meridian-hfs@2x.png\" \/>\n<meta name=\"twitter:card\" content=\"summary_large_image\" \/>\n<meta name=\"twitter:label1\" content=\"Szacowany czas czytania\" \/>\n\t<meta name=\"twitter:data1\" content=\"1 minuta\" \/>\n<script type=\"application\/ld+json\" class=\"yoast-schema-graph\">{\"@context\":\"https:\/\/schema.org\",\"@graph\":[{\"@type\":\"WebPage\",\"@id\":\"https:\/\/www.meridianillinois.com\/pl\/odnowienie\/spolecznosc\/\",\"url\":\"https:\/\/www.meridianillinois.com\/pl\/odnowienie\/spolecznosc\/\",\"name\":\"Dla spo\u0142eczno\u015bci | Meridian\",\"isPartOf\":{\"@id\":\"https:\/\/www.meridianillinois.com\/pl\/#website\"},\"primaryImageOfPage\":{\"@id\":\"https:\/\/www.meridianillinois.com\/pl\/odnowienie\/spolecznosc\/#primaryimage\"},\"image\":{\"@id\":\"https:\/\/www.meridianillinois.com\/pl\/odnowienie\/spolecznosc\/#primaryimage\"},\"thumbnailUrl\":\"https:\/\/www.meridianillinois.com\/wp-content\/uploads\/meridian-hfs@2x.png\",\"datePublished\":\"2023-01-18T21:34:38+00:00\",\"dateModified\":\"2025-06-10T17:13:21+00:00\",\"description\":\"Zapoznaj si\u0119 z\u202finformacjami na temat weryfikacji uprawnie\u0144 do ubezpieczenia Medicaid. Prezentujemy wa\u017cne informacje na temat odnowienia uprawnie\u0144 do \u015bwiadcze\u0144 Medicaid w\u202fstanie Illinois.\",\"breadcrumb\":{\"@id\":\"https:\/\/www.meridianillinois.com\/pl\/odnowienie\/spolecznosc\/#breadcrumb\"},\"inLanguage\":\"pl-PL\",\"potentialAction\":[{\"@type\":\"ReadAction\",\"target\":[\"https:\/\/www.meridianillinois.com\/pl\/odnowienie\/spolecznosc\/\"]}]},{\"@type\":\"ImageObject\",\"inLanguage\":\"pl-PL\",\"@id\":\"https:\/\/www.meridianillinois.com\/pl\/odnowienie\/spolecznosc\/#primaryimage\",\"url\":\"https:\/\/www.meridianillinois.com\/wp-content\/uploads\/meridian-hfs@2x.png\",\"contentUrl\":\"https:\/\/www.meridianillinois.com\/wp-content\/uploads\/meridian-hfs@2x.png\"},{\"@type\":\"BreadcrumbList\",\"@id\":\"https:\/\/www.meridianillinois.com\/pl\/odnowienie\/spolecznosc\/#breadcrumb\",\"itemListElement\":[{\"@type\":\"ListItem\",\"position\":1,\"name\":\"Home\",\"item\":\"https:\/\/www.meridianillinois.com\/pl\/\"},{\"@type\":\"ListItem\",\"position\":2,\"name\":\"Odnowienie Medicaid\",\"item\":\"https:\/\/www.meridianillinois.com\/pl\/\"},{\"@type\":\"ListItem\",\"position\":3,\"name\":\"Dla spo\u0142eczno\u015bci\"}]},{\"@type\":\"WebSite\",\"@id\":\"https:\/\/www.meridianillinois.com\/pl\/#website\",\"url\":\"https:\/\/www.meridianillinois.com\/pl\/\",\"name\":\"Meridian\",\"description\":\"\",\"potentialAction\":[{\"@type\":\"SearchAction\",\"target\":{\"@type\":\"EntryPoint\",\"urlTemplate\":\"https:\/\/www.meridianillinois.com\/pl\/?s={search_term_string}\"},\"query-input\":{\"@type\":\"PropertyValueSpecification\",\"valueRequired\":true,\"valueName\":\"search_term_string\"}}],\"inLanguage\":\"pl-PL\"}]}<\/script>\n<!-- \/ Yoast SEO plugin. -->","yoast_head_json":{"title":"Dla spo\u0142eczno\u015bci | Meridian","description":"Zapoznaj si\u0119 z\u202finformacjami na temat weryfikacji uprawnie\u0144 do ubezpieczenia Medicaid. Prezentujemy wa\u017cne informacje na temat odnowienia uprawnie\u0144 do \u015bwiadcze\u0144 Medicaid w\u202fstanie Illinois.","robots":{"index":"index","follow":"follow","max-snippet":"max-snippet:-1","max-image-preview":"max-image-preview:large","max-video-preview":"max-video-preview:-1"},"canonical":"https:\/\/www.meridianillinois.com\/pl\/odnowienie\/spolecznosc\/","og_locale":"pl_PL","og_type":"article","og_title":"Dla spo\u0142eczno\u015bci | Meridian","og_description":"Zapoznaj si\u0119 z\u202finformacjami na temat weryfikacji uprawnie\u0144 do ubezpieczenia Medicaid. Prezentujemy wa\u017cne informacje na temat odnowienia uprawnie\u0144 do \u015bwiadcze\u0144 Medicaid w\u202fstanie Illinois.","og_url":"https:\/\/www.meridianillinois.com\/pl\/odnowienie\/spolecznosc\/","og_site_name":"Meridian","article_modified_time":"2025-06-10T17:13:21+00:00","og_image":[{"url":"https:\/\/www.meridianillinois.com\/wp-content\/uploads\/meridian-hfs@2x.png","type":"","width":"","height":""}],"twitter_card":"summary_large_image","twitter_misc":{"Szacowany czas czytania":"1 minuta"},"schema":{"@context":"https:\/\/schema.org","@graph":[{"@type":"WebPage","@id":"https:\/\/www.meridianillinois.com\/pl\/odnowienie\/spolecznosc\/","url":"https:\/\/www.meridianillinois.com\/pl\/odnowienie\/spolecznosc\/","name":"Dla spo\u0142eczno\u015bci | Meridian","isPartOf":{"@id":"https:\/\/www.meridianillinois.com\/pl\/#website"},"primaryImageOfPage":{"@id":"https:\/\/www.meridianillinois.com\/pl\/odnowienie\/spolecznosc\/#primaryimage"},"image":{"@id":"https:\/\/www.meridianillinois.com\/pl\/odnowienie\/spolecznosc\/#primaryimage"},"thumbnailUrl":"https:\/\/www.meridianillinois.com\/wp-content\/uploads\/meridian-hfs@2x.png","datePublished":"2023-01-18T21:34:38+00:00","dateModified":"2025-06-10T17:13:21+00:00","description":"Zapoznaj si\u0119 z\u202finformacjami na temat weryfikacji uprawnie\u0144 do ubezpieczenia Medicaid. Prezentujemy wa\u017cne informacje na temat odnowienia uprawnie\u0144 do \u015bwiadcze\u0144 Medicaid w\u202fstanie Illinois.","breadcrumb":{"@id":"https:\/\/www.meridianillinois.com\/pl\/odnowienie\/spolecznosc\/#breadcrumb"},"inLanguage":"pl-PL","potentialAction":[{"@type":"ReadAction","target":["https:\/\/www.meridianillinois.com\/pl\/odnowienie\/spolecznosc\/"]}]},{"@type":"ImageObject","inLanguage":"pl-PL","@id":"https:\/\/www.meridianillinois.com\/pl\/odnowienie\/spolecznosc\/#primaryimage","url":"https:\/\/www.meridianillinois.com\/wp-content\/uploads\/meridian-hfs@2x.png","contentUrl":"https:\/\/www.meridianillinois.com\/wp-content\/uploads\/meridian-hfs@2x.png"},{"@type":"BreadcrumbList","@id":"https:\/\/www.meridianillinois.com\/pl\/odnowienie\/spolecznosc\/#breadcrumb","itemListElement":[{"@type":"ListItem","position":1,"name":"Home","item":"https:\/\/www.meridianillinois.com\/pl\/"},{"@type":"ListItem","position":2,"name":"Odnowienie Medicaid","item":"https:\/\/www.meridianillinois.com\/pl\/"},{"@type":"ListItem","position":3,"name":"Dla spo\u0142eczno\u015bci"}]},{"@type":"WebSite","@id":"https:\/\/www.meridianillinois.com\/pl\/#website","url":"https:\/\/www.meridianillinois.com\/pl\/","name":"Meridian","description":"","potentialAction":[{"@type":"SearchAction","target":{"@type":"EntryPoint","urlTemplate":"https:\/\/www.meridianillinois.com\/pl\/?s={search_term_string}"},"query-input":{"@type":"PropertyValueSpecification","valueRequired":true,"valueName":"search_term_string"}}],"inLanguage":"pl-PL"}]}},"acf":[],"_links":{"self":[{"href":"https:\/\/www.meridianillinois.com\/pl\/wp-json\/wp\/v2\/pages\/1467","targetHints":{"allow":["GET"]}}],"collection":[{"href":"https:\/\/www.meridianillinois.com\/pl\/wp-json\/wp\/v2\/pages"}],"about":[{"href":"https:\/\/www.meridianillinois.com\/pl\/wp-json\/wp\/v2\/types\/page"}],"author":[{"embeddable":true,"href":"https:\/\/www.meridianillinois.com\/pl\/wp-json\/wp\/v2\/users\/1"}],"replies":[{"embeddable":true,"href":"https:\/\/www.meridianillinois.com\/pl\/wp-json\/wp\/v2\/comments?post=1467"}],"version-history":[{"count":7,"href":"https:\/\/www.meridianillinois.com\/pl\/wp-json\/wp\/v2\/pages\/1467\/revisions"}],"predecessor-version":[{"id":1911,"href":"https:\/\/www.meridianillinois.com\/pl\/wp-json\/wp\/v2\/pages\/1467\/revisions\/1911"}],"up":[{"embeddable":true,"href":"https:\/\/www.meridianillinois.com\/pl\/wp-json\/wp\/v2\/pages\/1427"}],"wp:attachment":[{"href":"https:\/\/www.meridianillinois.com\/pl\/wp-json\/wp\/v2\/media?parent=1467"}],"curies":[{"name":"wp","href":"https:\/\/api.w.org\/{rel}","templated":true}]}}