{"id":1463,"date":"2023-01-18T15:34:20","date_gmt":"2023-01-18T21:34:20","guid":{"rendered":"https:\/\/www.meridianillinois.com\/odnowienie\/swiadczeniodawcow\/"},"modified":"2025-06-10T12:09:50","modified_gmt":"2025-06-10T17:09:50","slug":"swiadczeniodawcow","status":"publish","type":"page","link":"https:\/\/www.meridianillinois.com\/pl\/odnowienie\/swiadczeniodawcow\/","title":{"rendered":"Dla \u015bwiadczeniodawc\u00f3w"},"content":{"rendered":"\n<div class=\"wp-block-group meridian-hero-tertiary has-global-padding is-layout-constrained wp-block-group-is-layout-constrained\">\n<p>pomo\u017cemy Twoim pacjentom<br \/><strong><em>odnowi\u0107<\/em><\/strong><br \/>ubezpieczenie zdrowotne Medicaid.<\/p>\n<\/div>\n\n\n\n<div class=\"wp-block-columns pd-section pd-rule-bottom is-layout-flex wp-container-core-columns-is-layout-1 wp-block-columns-is-layout-flex\">\n<div class=\"wp-block-column col-md-12 col-lg-9 is-layout-flow wp-block-column-is-layout-flow\">\n<p class=\"mb-4\"><strong>Dla \u015bwiadczeniodawc\u00f3w<\/strong><\/p>\n\n\n\n<h2 class=\"wp-block-heading\">Meridian zapewnia <br \/>wsparcie przy weryfikacji uprawnie\u0144 do ubezpieczenia.<\/h2>\n\n\n\n<p class=\"mb-0\">\u015awiadczeniodawca mo\u017ce odgrywa\u0107 kluczow\u0105 rol\u0119 w umo\u017cliwieniu pacjentom przed\u0142u\u017cenia ubezpieczenia Medicaid. My z kolei zapewniamy wszystko, co potrzebne, aby pacjenci nie tracili niepotrzebnie uprawnie\u0144 do ubezpieczenia.<\/p>\n<\/div>\n<\/div>\n\n\n\n<div class=\"wp-block-columns pd-section pb-0 is-layout-flex wp-container-core-columns-is-layout-2 wp-block-columns-is-layout-flex\">\n<div class=\"wp-block-column col-md-12 col-lg-10 is-layout-flow wp-block-column-is-layout-flow\">\n<h3 class=\"wp-block-heading\">Czym jest weryfikacja uprawnie\u0144?<\/h3>\n\n\n\n<p class=\"mb-4x\">Ka\u017cdego roku Wydzia\u0142 Opieki Zdrowotnej i\u202f\u015awiadcze\u0144 Rodzinnych stanu Illinois (Illinois Department of Healthcare and Family Services, HFS) przeprowadza analiz\u0119 sytuacji finansowo-rodzinnej wszystkich ubezpieczonych. Analiza ta, nazywana weryfikacj\u0105 uprawnie\u0144, ma za zadanie zweryfikowanie, czy ubezpieczeni nadal kwalifikuj\u0105 si\u0119 do ubezpieczenia zdrowotnego w\u202framach programu Medicaid.\u00a0<\/p>\n\n\n\n<div class=\"wp-block-buttons is-layout-flex wp-block-buttons-is-layout-flex\">\n<div class=\"wp-block-button is-style-outline pd-ext-link is-style-outline--1\"><a class=\"wp-block-button__link wp-element-button\" href=\"https:\/\/hfs.illinois.gov\/medicalclients\/addresschange.html\" target=\"_blank\" rel=\"noreferrer noopener\">wi\u0119cej informacji<\/a><\/div>\n<\/div>\n<\/div>\n<\/div>\n\n\n\n<div class=\"wp-block-columns pd-section is-layout-flex wp-container-core-columns-is-layout-4 wp-block-columns-is-layout-flex\">\n<div class=\"wp-block-column col-md-12 col-lg-4 is-layout-flow wp-block-column-is-layout-flow\" style=\"flex-basis:33.33%\">\n<h3 class=\"wp-block-heading\">Jak mo\u017cemy pom\u00f3c<\/h3>\n\n\n\n<p>Pacjenci mog\u0105 mie\u0107 pytania na temat weryfikacji uprawnie\u0144 lub wymaga\u0107 dodatkowego wsparcia w realizacji tego procesu. S\u0142u\u017cymy pomoc\u0105:<\/p>\n<\/div>\n\n\n\n<div class=\"wp-block-column col-md-12 col-lg-8 is-layout-flow wp-block-column-is-layout-flow\" style=\"flex-basis:66.66%\">\n<div class=\"wp-block-columns is-layout-flex wp-container-core-columns-is-layout-3 wp-block-columns-is-layout-flex\">\n<div class=\"wp-block-column is-layout-flow wp-block-column-is-layout-flow\">\n<div id=\"pd-block_d43db671aaf22ff4d7a29c9f13e5d544\" class=\"wp-block-icon-bullets pd-icon-bullets tertiary-bullets\">\n            <div class=\"pd-icon-bullet\">\n        <img decoding=\"async\" width=\"126\" height=\"126\" src=\"https:\/\/www.meridianillinois.com\/wp-content\/uploads\/Meridian_Icon_Guide.png\" class=\"attachment-thumbnail size-thumbnail\" alt=\"Icon of a piece of paper or guide.\" \/>        <div>\n          <h5>Przewodnik internetowy<\/h5>\n<p>W witrynie zamie\u015bcili\u015bmy przewodnik krok po kroku, dotycz\u0105cy procesu weryfikacji uprawnie\u0144. Mo\u017cna udost\u0119pnia\u0107 go pacjentom.<\/p>\n<p><a class=\"btn btn-outline-primary\" href=\"https:\/\/www.meridianillinois.com\/renew\/howto\/\">przejd\u017a do przewodnika<\/a><\/p>\n        <\/div>\n      <\/div>\n          <div class=\"pd-icon-bullet\">\n        <img decoding=\"async\" width=\"126\" height=\"126\" src=\"https:\/\/www.meridianillinois.com\/wp-content\/uploads\/Meridian_Icon_Primary_MemberServices-2.png\" class=\"attachment-thumbnail size-thumbnail\" alt=\"Icon of a phone headset.\" \/>        <div>\n          <h5>Centrum Obs\u0142ugi Pacjent\u00f3w<\/h5>\n<p>Pacjenci Meridian mog\u0105 dzwoni\u0107 do Centrum Obs\u0142ugi Pacjent\u00f3w z ka\u017cdym pytaniem na temat weryfikacji uprawnie\u0144.<\/p>\n<p><a href=\"tel:+18666063700\">866-606-3700<\/a> (TTY: <a href=\"tel:711\">711<\/a>)<\/p>\n<p>Od poniedzia\u0142ku do pi\u0105tku<br \/>\nOd 8:00 do 17:00<\/p>\n        <\/div>\n      <\/div>\n          <div class=\"pd-icon-bullet\">\n        <img decoding=\"async\" width=\"126\" height=\"126\" src=\"https:\/\/www.meridianillinois.com\/wp-content\/uploads\/Meridian_Icon_Primary_CareCoordination-3.png\" class=\"attachment-thumbnail size-thumbnail\" alt=\"Icon of a hand holding the outline of people.\" \/>        <div>\n          <h5>Koordynatorzy ds. Opieki<\/h5>\n<p>Pacjenci mog\u0105 r\u00f3wnie\u017c kontaktowa\u0107 si\u0119 z\u202fKoordynatorami ds. Opieki firmy Meridian. Nasi koordynatorzy \u015bci\u015ble wsp\u00f3\u0142pracuj\u0105 z\u202fpacjentami, pomagaj\u0105c im w\u202fkorzystaniu z\u202fubezpieczenia zdrowotnego, co obejmuje r\u00f3wnie\u017c pomoc przy weryfikacji uprawnie\u0144. <\/p>\n        <\/div>\n      <\/div>\n          <div class=\"pd-icon-bullet\">\n        <img decoding=\"async\" width=\"126\" height=\"126\" src=\"https:\/\/www.meridianillinois.com\/wp-content\/uploads\/Meridian_Icon_Primary_Form-Medical-1.png\" class=\"attachment-thumbnail size-thumbnail\" alt=\"\" \/>        <div>\n          <h5>Us\u0142ugi dla \u015bwiadczeniodawc\u00f3w<\/h5>\n<p>Wsparcie, kt\u00f3rego potrzebujesz na co dzie\u0144. <a href=\"https:\/\/www.ilmeridian.com\/providers.html\" target=\"_blank\" rel=\"nofollow noopener ugc\">Wszystkie zasoby Meridian dla \u015bwiadczeniodawc\u00f3w<\/a>.<\/p>\n        <\/div>\n      <\/div>\n      <\/div><\/div>\n<\/div>\n<\/div>\n<\/div>\n\n\n\n<div class=\"wp-block-group alignwide mx-0 pd-section pb-0 has-global-padding is-layout-constrained wp-block-group-is-layout-constrained\">\n<div class=\"wp-block-columns py-4x py-md-5 px-md-8 mb-md-8 bg-lighter d-flex align-items-center is-layout-flex wp-container-core-columns-is-layout-5 wp-block-columns-is-layout-flex\">\n<div class=\"wp-block-column order-md-2 col-md-4 is-layout-flow wp-block-column-is-layout-flow\" style=\"flex-basis:33.33%\">\n<figure class=\"wp-block-image size-full\"><img decoding=\"async\" width=\"600\" height=\"600\" src=\"https:\/\/www.meridianillinois.com\/wp-content\/uploads\/Meridian_Icon_Provider_Newsletter.png\" alt=\"\" class=\"wp-image-1324\" srcset=\"https:\/\/www.meridianillinois.com\/wp-content\/uploads\/Meridian_Icon_Provider_Newsletter.png 600w, https:\/\/www.meridianillinois.com\/wp-content\/uploads\/Meridian_Icon_Provider_Newsletter-320x320.png 320w\" sizes=\"(max-width: 600px) 100vw, 600px\" \/><\/figure>\n<\/div>\n\n\n\n<div class=\"wp-block-column col-md-8 is-layout-flow wp-block-column-is-layout-flow\" style=\"flex-basis:66.66%\">\n<h3 class=\"wp-block-heading\">Subskrypcja newslettera dla \u015bwiadczeniodawc\u00f3w<\/h3>\n\n\n\n<p class=\"mb-4x\">B\u0105d\u017a na bie\u017c\u0105co \u2013 czytaj nasz newsletter.<\/p>\n\n\n\n<div class=\"wp-block-buttons is-layout-flex wp-block-buttons-is-layout-flex\">\n<div class=\"wp-block-button\"><a class=\"wp-block-button__link wp-element-button\" href=\"https:\/\/cloud.info.ilmeridian.com\/provider-subscribe\" target=\"_blank\" rel=\"noreferrer noopener\">zapisz si\u0119<\/a><\/div>\n<\/div>\n<\/div>\n<\/div>\n<\/div>\n\n\n\n<div class=\"wp-block-columns meridian-cta-contact is-layout-flex wp-container-core-columns-is-layout-6 wp-block-columns-is-layout-flex\">\n<div class=\"wp-block-column is-layout-flow wp-block-column-is-layout-flow\">\n<h3 class=\"wp-block-heading\">Masz pytania? Skontaktuj si\u0119 z nami. <\/h3>\n\n\n\n<p class=\"lead\">Centrum Obs\u0142ugi \u015awiadczeniodawc\u00f3w, dost\u0119pne pod numerem 866-606-3700, odpowiada na wszelkie pytania, gdy \u015bwiadczeniodawcy lub ich pacjenci potrzebuj\u0105 dodatkowego wsparcia.<\/p>\n\n\n\n<p class=\"lead\"><strong>Us\u0142ugi dla \u015bwiadczeniodawc\u00f3w<\/strong><br \/><a href=\"tel:+18666063700\">866-606-3700<\/a> (TTY: 711)<\/p>\n\n\n\n<p class=\"lead\">Od poniedzia\u0142ku do pi\u0105tku<br \/>Od 8:00 do 17:00<\/p>\n<\/div>\n\n\n\n<div class=\"wp-block-column is-layout-flow wp-block-column-is-layout-flow\">\n<figure class=\"wp-block-image size-large pd-parallax-bg-cta\"><img decoding=\"async\" width=\"1536\" height=\"1005\" src=\"https:\/\/www.meridianillinois.com\/wp-content\/uploads\/meridian-providers-cta-1-1536x1005.png\" alt=\"\" class=\"wp-image-179\" srcset=\"https:\/\/www.meridianillinois.com\/wp-content\/uploads\/meridian-providers-cta-1-1536x1005.png 1536w, https:\/\/www.meridianillinois.com\/wp-content\/uploads\/meridian-providers-cta-1-960x628.png 960w, https:\/\/www.meridianillinois.com\/wp-content\/uploads\/meridian-providers-cta-1-640x419.png 640w, https:\/\/www.meridianillinois.com\/wp-content\/uploads\/meridian-providers-cta-1-768x502.png 768w, https:\/\/www.meridianillinois.com\/wp-content\/uploads\/meridian-providers-cta-1-320x209.png 320w, https:\/\/www.meridianillinois.com\/wp-content\/uploads\/meridian-providers-cta-1.png 2024w\" sizes=\"(max-width: 1536px) 100vw, 1536px\" \/><\/figure>\n<\/div>\n<\/div>\n","protected":false},"excerpt":{"rendered":"<p>pomo\u017cemy Twoim pacjentomodnowi\u0107ubezpieczenie zdrowotne Medicaid. Dla \u015bwiadczeniodawc\u00f3w Meridian zapewnia wsparcie przy weryfikacji uprawnie\u0144 do ubezpieczenia. \u015awiadczeniodawca mo\u017ce odgrywa\u0107 kluczow\u0105 rol\u0119 w umo\u017cliwieniu pacjentom przed\u0142u\u017cenia ubezpieczenia Medicaid. My z kolei zapewniamy wszystko, co potrzebne, aby pacjenci nie tracili niepotrzebnie uprawnie\u0144 do ubezpieczenia. Czym jest weryfikacja uprawnie\u0144? Ka\u017cdego roku Wydzia\u0142 Opieki Zdrowotnej i\u202f\u015awiadcze\u0144 Rodzinnych stanu Illinois (Illinois [&hellip;]<\/p>\n","protected":false},"author":1,"featured_media":0,"parent":1427,"menu_order":0,"comment_status":"closed","ping_status":"closed","template":"","meta":{"_acf_changed":false,"footnotes":""},"class_list":["post-1463","page","type-page","status-publish","hentry"],"yoast_head":"<!-- This site is optimized with the Yoast SEO plugin v24.0 - https:\/\/yoast.com\/wordpress\/plugins\/seo\/ -->\n<title>Dla \u015bwiadczeniodawc\u00f3w | Meridian<\/title>\n<meta name=\"description\" content=\"Aby zachowa\u0107 \u015bwiadczenia, pacjenci musz\u0105 co roku przej\u015b\u0107 przez procedur\u0119 weryfikacji uprawnie\u0144. Zapewniamy pomoc w\u202frealizacji tego procesu zar\u00f3wno uczestnikom plan\u00f3w, jak i\u202f\u015bwiadczeniodawcom.\" \/>\n<meta name=\"robots\" content=\"index, follow, max-snippet:-1, max-image-preview:large, max-video-preview:-1\" \/>\n<link rel=\"canonical\" href=\"https:\/\/www.meridianillinois.com\/pl\/odnowienie\/swiadczeniodawcow\/\" \/>\n<meta property=\"og:locale\" content=\"pl_PL\" \/>\n<meta property=\"og:type\" content=\"article\" \/>\n<meta property=\"og:title\" content=\"Dla \u015bwiadczeniodawc\u00f3w | Meridian\" \/>\n<meta property=\"og:description\" content=\"Aby zachowa\u0107 \u015bwiadczenia, pacjenci musz\u0105 co roku przej\u015b\u0107 przez procedur\u0119 weryfikacji uprawnie\u0144. Zapewniamy pomoc w\u202frealizacji tego procesu zar\u00f3wno uczestnikom plan\u00f3w, jak i\u202f\u015bwiadczeniodawcom.\" \/>\n<meta property=\"og:url\" content=\"https:\/\/www.meridianillinois.com\/pl\/odnowienie\/swiadczeniodawcow\/\" \/>\n<meta property=\"og:site_name\" content=\"Meridian\" \/>\n<meta property=\"article:modified_time\" content=\"2025-06-10T17:09:50+00:00\" \/>\n<meta property=\"og:image\" content=\"https:\/\/www.meridianillinois.com\/wp-content\/uploads\/Meridian_Icon_Provider_Newsletter.png\" \/>\n<meta name=\"twitter:card\" content=\"summary_large_image\" \/>\n<meta name=\"twitter:label1\" content=\"Szacowany czas czytania\" \/>\n\t<meta name=\"twitter:data1\" content=\"2 minuty\" \/>\n<script type=\"application\/ld+json\" class=\"yoast-schema-graph\">{\"@context\":\"https:\/\/schema.org\",\"@graph\":[{\"@type\":\"WebPage\",\"@id\":\"https:\/\/www.meridianillinois.com\/pl\/odnowienie\/swiadczeniodawcow\/\",\"url\":\"https:\/\/www.meridianillinois.com\/pl\/odnowienie\/swiadczeniodawcow\/\",\"name\":\"Dla \u015bwiadczeniodawc\u00f3w | Meridian\",\"isPartOf\":{\"@id\":\"https:\/\/www.meridianillinois.com\/pl\/#website\"},\"primaryImageOfPage\":{\"@id\":\"https:\/\/www.meridianillinois.com\/pl\/odnowienie\/swiadczeniodawcow\/#primaryimage\"},\"image\":{\"@id\":\"https:\/\/www.meridianillinois.com\/pl\/odnowienie\/swiadczeniodawcow\/#primaryimage\"},\"thumbnailUrl\":\"https:\/\/www.meridianillinois.com\/wp-content\/uploads\/Meridian_Icon_Provider_Newsletter.png\",\"datePublished\":\"2023-01-18T21:34:20+00:00\",\"dateModified\":\"2025-06-10T17:09:50+00:00\",\"description\":\"Aby zachowa\u0107 \u015bwiadczenia, pacjenci musz\u0105 co roku przej\u015b\u0107 przez procedur\u0119 weryfikacji uprawnie\u0144. Zapewniamy pomoc w\u202frealizacji tego procesu zar\u00f3wno uczestnikom plan\u00f3w, jak i\u202f\u015bwiadczeniodawcom.\",\"breadcrumb\":{\"@id\":\"https:\/\/www.meridianillinois.com\/pl\/odnowienie\/swiadczeniodawcow\/#breadcrumb\"},\"inLanguage\":\"pl-PL\",\"potentialAction\":[{\"@type\":\"ReadAction\",\"target\":[\"https:\/\/www.meridianillinois.com\/pl\/odnowienie\/swiadczeniodawcow\/\"]}]},{\"@type\":\"ImageObject\",\"inLanguage\":\"pl-PL\",\"@id\":\"https:\/\/www.meridianillinois.com\/pl\/odnowienie\/swiadczeniodawcow\/#primaryimage\",\"url\":\"https:\/\/www.meridianillinois.com\/wp-content\/uploads\/Meridian_Icon_Provider_Newsletter.png\",\"contentUrl\":\"https:\/\/www.meridianillinois.com\/wp-content\/uploads\/Meridian_Icon_Provider_Newsletter.png\"},{\"@type\":\"BreadcrumbList\",\"@id\":\"https:\/\/www.meridianillinois.com\/pl\/odnowienie\/swiadczeniodawcow\/#breadcrumb\",\"itemListElement\":[{\"@type\":\"ListItem\",\"position\":1,\"name\":\"Home\",\"item\":\"https:\/\/www.meridianillinois.com\/pl\/\"},{\"@type\":\"ListItem\",\"position\":2,\"name\":\"Odnowienie Medicaid\",\"item\":\"https:\/\/www.meridianillinois.com\/pl\/\"},{\"@type\":\"ListItem\",\"position\":3,\"name\":\"Dla \u015bwiadczeniodawc\u00f3w\"}]},{\"@type\":\"WebSite\",\"@id\":\"https:\/\/www.meridianillinois.com\/pl\/#website\",\"url\":\"https:\/\/www.meridianillinois.com\/pl\/\",\"name\":\"Meridian\",\"description\":\"\",\"potentialAction\":[{\"@type\":\"SearchAction\",\"target\":{\"@type\":\"EntryPoint\",\"urlTemplate\":\"https:\/\/www.meridianillinois.com\/pl\/?s={search_term_string}\"},\"query-input\":{\"@type\":\"PropertyValueSpecification\",\"valueRequired\":true,\"valueName\":\"search_term_string\"}}],\"inLanguage\":\"pl-PL\"}]}<\/script>\n<!-- \/ Yoast SEO plugin. -->","yoast_head_json":{"title":"Dla \u015bwiadczeniodawc\u00f3w | Meridian","description":"Aby zachowa\u0107 \u015bwiadczenia, pacjenci musz\u0105 co roku przej\u015b\u0107 przez procedur\u0119 weryfikacji uprawnie\u0144. Zapewniamy pomoc w\u202frealizacji tego procesu zar\u00f3wno uczestnikom plan\u00f3w, jak i\u202f\u015bwiadczeniodawcom.","robots":{"index":"index","follow":"follow","max-snippet":"max-snippet:-1","max-image-preview":"max-image-preview:large","max-video-preview":"max-video-preview:-1"},"canonical":"https:\/\/www.meridianillinois.com\/pl\/odnowienie\/swiadczeniodawcow\/","og_locale":"pl_PL","og_type":"article","og_title":"Dla \u015bwiadczeniodawc\u00f3w | Meridian","og_description":"Aby zachowa\u0107 \u015bwiadczenia, pacjenci musz\u0105 co roku przej\u015b\u0107 przez procedur\u0119 weryfikacji uprawnie\u0144. Zapewniamy pomoc w\u202frealizacji tego procesu zar\u00f3wno uczestnikom plan\u00f3w, jak i\u202f\u015bwiadczeniodawcom.","og_url":"https:\/\/www.meridianillinois.com\/pl\/odnowienie\/swiadczeniodawcow\/","og_site_name":"Meridian","article_modified_time":"2025-06-10T17:09:50+00:00","og_image":[{"url":"https:\/\/www.meridianillinois.com\/wp-content\/uploads\/Meridian_Icon_Provider_Newsletter.png","type":"","width":"","height":""}],"twitter_card":"summary_large_image","twitter_misc":{"Szacowany czas czytania":"2 minuty"},"schema":{"@context":"https:\/\/schema.org","@graph":[{"@type":"WebPage","@id":"https:\/\/www.meridianillinois.com\/pl\/odnowienie\/swiadczeniodawcow\/","url":"https:\/\/www.meridianillinois.com\/pl\/odnowienie\/swiadczeniodawcow\/","name":"Dla \u015bwiadczeniodawc\u00f3w | Meridian","isPartOf":{"@id":"https:\/\/www.meridianillinois.com\/pl\/#website"},"primaryImageOfPage":{"@id":"https:\/\/www.meridianillinois.com\/pl\/odnowienie\/swiadczeniodawcow\/#primaryimage"},"image":{"@id":"https:\/\/www.meridianillinois.com\/pl\/odnowienie\/swiadczeniodawcow\/#primaryimage"},"thumbnailUrl":"https:\/\/www.meridianillinois.com\/wp-content\/uploads\/Meridian_Icon_Provider_Newsletter.png","datePublished":"2023-01-18T21:34:20+00:00","dateModified":"2025-06-10T17:09:50+00:00","description":"Aby zachowa\u0107 \u015bwiadczenia, pacjenci musz\u0105 co roku przej\u015b\u0107 przez procedur\u0119 weryfikacji uprawnie\u0144. Zapewniamy pomoc w\u202frealizacji tego procesu zar\u00f3wno uczestnikom plan\u00f3w, jak i\u202f\u015bwiadczeniodawcom.","breadcrumb":{"@id":"https:\/\/www.meridianillinois.com\/pl\/odnowienie\/swiadczeniodawcow\/#breadcrumb"},"inLanguage":"pl-PL","potentialAction":[{"@type":"ReadAction","target":["https:\/\/www.meridianillinois.com\/pl\/odnowienie\/swiadczeniodawcow\/"]}]},{"@type":"ImageObject","inLanguage":"pl-PL","@id":"https:\/\/www.meridianillinois.com\/pl\/odnowienie\/swiadczeniodawcow\/#primaryimage","url":"https:\/\/www.meridianillinois.com\/wp-content\/uploads\/Meridian_Icon_Provider_Newsletter.png","contentUrl":"https:\/\/www.meridianillinois.com\/wp-content\/uploads\/Meridian_Icon_Provider_Newsletter.png"},{"@type":"BreadcrumbList","@id":"https:\/\/www.meridianillinois.com\/pl\/odnowienie\/swiadczeniodawcow\/#breadcrumb","itemListElement":[{"@type":"ListItem","position":1,"name":"Home","item":"https:\/\/www.meridianillinois.com\/pl\/"},{"@type":"ListItem","position":2,"name":"Odnowienie Medicaid","item":"https:\/\/www.meridianillinois.com\/pl\/"},{"@type":"ListItem","position":3,"name":"Dla \u015bwiadczeniodawc\u00f3w"}]},{"@type":"WebSite","@id":"https:\/\/www.meridianillinois.com\/pl\/#website","url":"https:\/\/www.meridianillinois.com\/pl\/","name":"Meridian","description":"","potentialAction":[{"@type":"SearchAction","target":{"@type":"EntryPoint","urlTemplate":"https:\/\/www.meridianillinois.com\/pl\/?s={search_term_string}"},"query-input":{"@type":"PropertyValueSpecification","valueRequired":true,"valueName":"search_term_string"}}],"inLanguage":"pl-PL"}]}},"acf":[],"_links":{"self":[{"href":"https:\/\/www.meridianillinois.com\/pl\/wp-json\/wp\/v2\/pages\/1463","targetHints":{"allow":["GET"]}}],"collection":[{"href":"https:\/\/www.meridianillinois.com\/pl\/wp-json\/wp\/v2\/pages"}],"about":[{"href":"https:\/\/www.meridianillinois.com\/pl\/wp-json\/wp\/v2\/types\/page"}],"author":[{"embeddable":true,"href":"https:\/\/www.meridianillinois.com\/pl\/wp-json\/wp\/v2\/users\/1"}],"replies":[{"embeddable":true,"href":"https:\/\/www.meridianillinois.com\/pl\/wp-json\/wp\/v2\/comments?post=1463"}],"version-history":[{"count":23,"href":"https:\/\/www.meridianillinois.com\/pl\/wp-json\/wp\/v2\/pages\/1463\/revisions"}],"predecessor-version":[{"id":1909,"href":"https:\/\/www.meridianillinois.com\/pl\/wp-json\/wp\/v2\/pages\/1463\/revisions\/1909"}],"up":[{"embeddable":true,"href":"https:\/\/www.meridianillinois.com\/pl\/wp-json\/wp\/v2\/pages\/1427"}],"wp:attachment":[{"href":"https:\/\/www.meridianillinois.com\/pl\/wp-json\/wp\/v2\/media?parent=1463"}],"curies":[{"name":"wp","href":"https:\/\/api.w.org\/{rel}","templated":true}]}}