{"id":1453,"date":"2023-01-18T15:29:02","date_gmt":"2023-01-18T21:29:02","guid":{"rendered":"https:\/\/www.meridianillinois.com\/medicaid-renewal\/laczenie\/"},"modified":"2026-02-05T16:35:13","modified_gmt":"2026-02-05T22:35:13","slug":"laczenie","status":"publish","type":"page","link":"https:\/\/www.meridianillinois.com\/pl\/odnowienie\/laczenie\/","title":{"rendered":"Inne plany"},"content":{"rendered":"\n<div class=\"wp-block-columns alignfull meridian-hero-secondary is-layout-flex wp-container-core-columns-is-layout-1 wp-block-columns-is-layout-flex\">\n<div class=\"wp-block-column pd-sec-heading order-lg-2 is-layout-flow wp-block-column-is-layout-flow\">\n<p>jak uzyska\u0107<br \/><strong><em>ochron\u0119<\/em><\/strong><\/p>\n<\/div>\n\n\n\n<div class=\"wp-block-column pd-sec-img is-layout-flow wp-block-column-is-layout-flow\">\n<figure class=\"wp-block-image size-large pd-parallax-bg\"><img decoding=\"async\" width=\"1536\" height=\"1024\" src=\"https:\/\/www.meridianillinois.com\/wp-content\/uploads\/connect-to-coverage-1536x1024.png\" alt=\"\" class=\"wp-image-149\" srcset=\"https:\/\/www.meridianillinois.com\/wp-content\/uploads\/connect-to-coverage-1536x1024.png 1536w, https:\/\/www.meridianillinois.com\/wp-content\/uploads\/connect-to-coverage-960x640.png 960w, https:\/\/www.meridianillinois.com\/wp-content\/uploads\/connect-to-coverage-640x427.png 640w, https:\/\/www.meridianillinois.com\/wp-content\/uploads\/connect-to-coverage-768x512.png 768w, https:\/\/www.meridianillinois.com\/wp-content\/uploads\/connect-to-coverage-320x213.png 320w, https:\/\/www.meridianillinois.com\/wp-content\/uploads\/connect-to-coverage.png 1582w\" sizes=\"(max-width: 1536px) 100vw, 1536px\" \/><\/figure>\n<\/div>\n<\/div>\n\n\n\n<div class=\"wp-block-columns pd-section pd-rule-bottom is-layout-flex wp-container-core-columns-is-layout-2 wp-block-columns-is-layout-flex\">\n<div class=\"wp-block-column col-md-12 col-lg-8 is-layout-flow wp-block-column-is-layout-flow\">\n<h2 class=\"wp-block-heading\">Nie spe\u0142niasz ju\u017c warunk\u00f3w uczestnictwa w Medicaid? Mo\u017cesz skorzysta\u0107 z innych opcji.<\/h2>\n<\/div>\n\n\n\n<div class=\"wp-block-column col-md-12 col-lg-4 is-layout-flow wp-block-column-is-layout-flow\">\n<p class=\"lead\">Poznaj niedrogie plany, aby znale\u017a\u0107 dla siebie odpowiednie ubezpieczenie.<em>&nbsp;<\/em><\/p>\n<\/div>\n<\/div>\n\n\n\n<div class=\"wp-block-columns pd-section is-layout-flex wp-container-core-columns-is-layout-3 wp-block-columns-is-layout-flex\">\n<div class=\"wp-block-column col-md-12 col-lg-10 is-layout-flow wp-block-column-is-layout-flow\">\n<h3 class=\"wp-block-heading\">Jak skorzysta\u0107 z innego ubezpieczenia zdrowotnego<\/h3>\n\n\n\n<p>Je\u015bli nie spe\u0142niasz ju\u017c warunk\u00f3w uczestnictwa w\u202fMedicaid, wa\u017cne jest szybkie znalezienie innego ubezpieczenia zdrowotnego. Zwykle masz od 30 do 60 dni na znalezienie innego planu. Czas ten jest nazywany \u201especjalnym okresem na rejestracj\u0119\u201d. Dowiedz si\u0119, czy w\u202fTwoim miejscu pracy oferowane jest ubezpieczenie zdrowotne, lub wejd\u017a na oficjaln\u0105 gie\u0142d\u0119 ubezpiecze\u0144 zdrowotnych na mocy ustawy o\u202fprzyst\u0119pnej opiece (Affordable Care Act Marketplace) dla stanu Illinois pod adresem <a href=\"http:\/\/getcovered.illinois.gov\/\" target=\"_blank\" rel=\"noreferrer noopener\">GetCoveredIllinois.gov<\/a>. Mo\u017cesz uzyska\u0107 bezp\u0142atn\u0105 pomoc w\u202frejestracji do korzystania z\u202fplanu, kt\u00f3ry spe\u0142nia Twoje potrzeby. Dost\u0119pna jest pomoc finansowa. <a href=\"https:\/\/www.healthcare.gov\/lower-costs\/\">Sprawd\u017a, czy kwalifikujesz si\u0119 do ulgi podatkowej<\/a>.<\/p>\n<\/div>\n<\/div>\n\n\n\n<div class=\"wp-block-columns pd-section py-0 meridian-connect is-layout-flex wp-container-core-columns-is-layout-4 wp-block-columns-is-layout-flex\">\n<div class=\"wp-block-column col-md-5 is-layout-flow wp-block-column-is-layout-flow\">\n<figure class=\"wp-block-image size-full pd-circle-img\"><img decoding=\"async\" src=\"https:\/\/www.meridianillinois.com\/wp-content\/uploads\/iStock-870762240_DS0524.jpg\" alt=\"\" class=\"wp-image-142\"\/><\/figure>\n<\/div>\n\n\n\n<div class=\"wp-block-column col-md-7 is-layout-flow wp-block-column-is-layout-flow\">\n<p><strong>Je\u015bli nie spe\u0142niasz ju\u017c warunk\u00f3w uczestnictwa w Medicaid<\/strong><\/p>\n\n\n\n<h4 class=\"wp-block-heading meridian-magenta\">Przyst\u0119pne cenowo ubezpieczenie zdrowotne mo\u017cesz wykupi\u0107 w Ambetter of Illinois.<\/h4>\n\n\n\n<p class=\"mb-4x\">Ambetter of Illinois (Ambetter) oferuje plany ubezpieczenia zdrowotnego dla rodzin i\u202fklient\u00f3w indywidualnych. Ka\u017cdy plan zapewnia Ci wysokiej jako\u015bci opiek\u0119 \u2013 by\u0107 mo\u017ce zachowasz nawet mo\u017cliwo\u015b\u0107 leczenia si\u0119 u ulubionych lekarzy.<\/p>\n\n\n\n<div class=\"wp-block-buttons is-layout-flex wp-block-buttons-is-layout-flex\">\n<div class=\"wp-block-button is-style-outline meridian-magenta is-style-outline--1\"><a class=\"wp-block-button__link wp-element-button\" href=\"https:\/\/www.ambetterofillinois.com\/join-ambetter\/become-a-member\/how-to-enroll.html\" target=\"_blank\" rel=\"noreferrer noopener\">zapoznaj si\u0119 z planami Ambetter<\/a><\/div>\n<\/div>\n\n\n\n<p class=\"mt-3\">Lub zadzwo\u0144 <a href=\"tel:+1-8557455507\">1-855-745-5507<\/a> (TTY: <a href=\"tel:+11-8445173431\">1-844-517-3431<\/a>)<\/p>\n\n\n\n<p class=\"mt-4\">Ubezpieczenie Ambetter jest dost\u0119pne w\u202fwybranych hrabstwach stanu Illinois. <a href=\"https:\/\/www.ambetterofillinois.com\/for-brokers\/coverage-area-map.html\" target=\"_blank\" rel=\"noreferrer noopener\">Sprawd\u017a, czy jest dost\u0119pne w Twoim hrabstwie<\/a>. Je\u015bli nie, mo\u017cesz wybra\u0107 inny plan dost\u0119pny na gie\u0142dzie (Marketplace). Zapoznaj si\u0119 z opcjami na stronie <a href=\"https:\/\/getcovered.illinois.gov\/\" target=\"_blank\" rel=\"noreferrer noopener\">Get Covered Illinois (Ubezpieczenie zdrowotne w stanie Illinois)<\/a>.<\/p>\n<\/div>\n<\/div>\n\n\n\n<div class=\"wp-block-columns pd-section meridian-connect is-layout-flex wp-container-core-columns-is-layout-5 wp-block-columns-is-layout-flex\">\n<div class=\"wp-block-column order-md-2 col-md-5 is-layout-flow wp-block-column-is-layout-flow\">\n<figure class=\"wp-block-image size-full pd-circle-img\"><img decoding=\"async\" width=\"1040\" height=\"1040\" src=\"https:\/\/www.meridianillinois.com\/wp-content\/uploads\/wellcare-image.png\" alt=\"\" class=\"wp-image-146\" srcset=\"https:\/\/www.meridianillinois.com\/wp-content\/uploads\/wellcare-image.png 1040w, https:\/\/www.meridianillinois.com\/wp-content\/uploads\/wellcare-image-960x960.png 960w, https:\/\/www.meridianillinois.com\/wp-content\/uploads\/wellcare-image-640x640.png 640w, https:\/\/www.meridianillinois.com\/wp-content\/uploads\/wellcare-image-768x768.png 768w, https:\/\/www.meridianillinois.com\/wp-content\/uploads\/wellcare-image-320x320.png 320w\" sizes=\"(max-width: 1040px) 100vw, 1040px\" \/><\/figure>\n<\/div>\n\n\n\n<div class=\"wp-block-column col-md-7 is-layout-flow wp-block-column-is-layout-flow\">\n<h4 class=\"wp-block-heading meridian-teal\">Znajd\u017a przyst\u0119pny cenowo plan Medicare <br \/>za po\u015brednictwem Wellcare.<\/h4>\n\n\n\n<p class=\"mb-4x\">Spe\u0142niasz warunki korzystania z\u202fubezpieczenia Medicare? Wellcare oferuje szereg plan\u00f3w Medicare, w\u202fwi\u0119kszo\u015bci dost\u0119pnych dla os\u00f3b w\u202fwieku przynajmniej 65 lat. W\u015br\u00f3d plan\u00f3w Wellcare dost\u0119pne s\u0105 plany Medicare Advantage oraz Prescription Drug, obejmuj\u0105cy leki na recept\u0119. Wellcare oferuje niskie op\u0142aty miesi\u0119czne i\u202fdodatkowe \u015bwiadczenia oraz wsparcie w\u202fdost\u0119pie do potrzebnej opieki.<\/p>\n\n\n\n<div class=\"wp-block-buttons is-layout-flex wp-block-buttons-is-layout-flex\">\n<div class=\"wp-block-button is-style-outline meridian-teal is-style-outline--2\"><a class=\"wp-block-button__link wp-element-button\" href=\"https:\/\/www.wellcare.com\/Need-A-Plan\" target=\"_blank\" rel=\"noreferrer noopener\">znajd\u017a plan Wellcare<\/a><\/div>\n<\/div>\n\n\n\n<p class=\"mt-3\">Lub zadzwo\u0144 <a href=\"tel:+1-8665270056\">1-866-527-0056<\/a> (TTY: <a href=\"tel:711\">711<\/a>)<\/p>\n<\/div>\n<\/div>\n\n\n\n<div class=\"wp-block-columns meridian-cta-contact is-layout-flex wp-container-core-columns-is-layout-6 wp-block-columns-is-layout-flex\">\n<div class=\"wp-block-column is-layout-flow wp-block-column-is-layout-flow\">\n<h3 class=\"wp-block-heading\">Masz pytania? Skontaktuj si\u0119 z nami.<\/h3>\n\n\n\n<p class=\"lead\">Dzwo\u0144 w sprawie pyta\u0144 dotycz\u0105cych odnowienia ubezpieczenia Medicaid.<\/p>\n\n\n\n<p class=\"lead\"><strong>Centrum Obs\u0142ugi Pacjent\u00f3w Meridian<\/strong><br \/><a href=\"tel:+18666063700\">866-606-3700<\/a> (TTY: <a href=\"tel:711\">711<\/a>)<\/p>\n\n\n\n<p class=\"lead\">Od poniedzia\u0142ku do pi\u0105tku<br \/>Od 8:00 do 17:00<\/p>\n<\/div>\n\n\n\n<div class=\"wp-block-column is-layout-flow wp-block-column-is-layout-flow\">\n<figure class=\"wp-block-image size-full pd-parallax-bg-cta\"><img decoding=\"async\" width=\"1506\" height=\"1239\" src=\"https:\/\/www.meridianillinois.com\/wp-content\/uploads\/meridian-cta.jpg\" alt=\"\" class=\"wp-image-488\" srcset=\"https:\/\/www.meridianillinois.com\/wp-content\/uploads\/meridian-cta.jpg 1506w, https:\/\/www.meridianillinois.com\/wp-content\/uploads\/meridian-cta-960x790.jpg 960w, https:\/\/www.meridianillinois.com\/wp-content\/uploads\/meridian-cta-640x527.jpg 640w, https:\/\/www.meridianillinois.com\/wp-content\/uploads\/meridian-cta-768x632.jpg 768w, https:\/\/www.meridianillinois.com\/wp-content\/uploads\/meridian-cta-320x263.jpg 320w\" sizes=\"(max-width: 1506px) 100vw, 1506px\" \/><\/figure>\n<\/div>\n<\/div>\n","protected":false},"excerpt":{"rendered":"<p>jak uzyska\u0107ochron\u0119 Nie spe\u0142niasz ju\u017c warunk\u00f3w uczestnictwa w Medicaid? Mo\u017cesz skorzysta\u0107 z innych opcji. Poznaj niedrogie plany, aby znale\u017a\u0107 dla siebie odpowiednie ubezpieczenie.&nbsp; Jak skorzysta\u0107 z innego ubezpieczenia zdrowotnego Je\u015bli nie spe\u0142niasz ju\u017c warunk\u00f3w uczestnictwa w\u202fMedicaid, wa\u017cne jest szybkie znalezienie innego ubezpieczenia zdrowotnego. Zwykle masz od 30 do 60 dni na znalezienie innego planu. Czas [&hellip;]<\/p>\n","protected":false},"author":1,"featured_media":0,"parent":1427,"menu_order":0,"comment_status":"closed","ping_status":"closed","template":"","meta":{"_acf_changed":false,"footnotes":""},"class_list":["post-1453","page","type-page","status-publish","hentry"],"yoast_head":"<!-- This site is optimized with the Yoast SEO plugin v24.0 - https:\/\/yoast.com\/wordpress\/plugins\/seo\/ -->\n<title>\u0141\u0105czenie z innymi planami | Meridian<\/title>\n<meta name=\"description\" content=\"Je\u015bli nie spe\u0142niasz ju\u017c warunk\u00f3w uczestnictwa w\u202fMedicaid, nadal masz do dyspozycji mn\u00f3stwo opcji niedrogiego lub bezp\u0142atnego ubezpieczenia. Dowiedz si\u0119 wi\u0119cej o\u202fplanach dost\u0119pnych na gie\u0142dzie (Marketplace), w\u202ftym Ambetter Health.\" \/>\n<meta name=\"robots\" content=\"index, follow, max-snippet:-1, max-image-preview:large, max-video-preview:-1\" \/>\n<link rel=\"canonical\" href=\"https:\/\/www.meridianillinois.com\/pl\/odnowienie\/laczenie\/\" \/>\n<meta property=\"og:locale\" content=\"pl_PL\" \/>\n<meta property=\"og:type\" content=\"article\" \/>\n<meta property=\"og:title\" content=\"\u0141\u0105czenie z innymi planami | Meridian\" \/>\n<meta property=\"og:description\" content=\"Je\u015bli nie spe\u0142niasz ju\u017c warunk\u00f3w uczestnictwa w\u202fMedicaid, nadal masz do dyspozycji mn\u00f3stwo opcji niedrogiego lub bezp\u0142atnego ubezpieczenia. Dowiedz si\u0119 wi\u0119cej o\u202fplanach dost\u0119pnych na gie\u0142dzie (Marketplace), w\u202ftym Ambetter Health.\" \/>\n<meta property=\"og:url\" content=\"https:\/\/www.meridianillinois.com\/pl\/odnowienie\/laczenie\/\" \/>\n<meta property=\"og:site_name\" content=\"Meridian\" \/>\n<meta property=\"article:modified_time\" content=\"2026-02-05T22:35:13+00:00\" \/>\n<meta property=\"og:image\" content=\"https:\/\/www.meridianillinois.com\/wp-content\/uploads\/connect-to-coverage-1536x1024.png\" \/>\n<meta name=\"twitter:card\" content=\"summary_large_image\" \/>\n<meta name=\"twitter:label1\" content=\"Szacowany czas czytania\" \/>\n\t<meta name=\"twitter:data1\" content=\"3 minuty\" \/>\n<script type=\"application\/ld+json\" class=\"yoast-schema-graph\">{\"@context\":\"https:\/\/schema.org\",\"@graph\":[{\"@type\":\"WebPage\",\"@id\":\"https:\/\/www.meridianillinois.com\/pl\/odnowienie\/laczenie\/\",\"url\":\"https:\/\/www.meridianillinois.com\/pl\/odnowienie\/laczenie\/\",\"name\":\"\u0141\u0105czenie z innymi planami | Meridian\",\"isPartOf\":{\"@id\":\"https:\/\/www.meridianillinois.com\/pl\/#website\"},\"primaryImageOfPage\":{\"@id\":\"https:\/\/www.meridianillinois.com\/pl\/odnowienie\/laczenie\/#primaryimage\"},\"image\":{\"@id\":\"https:\/\/www.meridianillinois.com\/pl\/odnowienie\/laczenie\/#primaryimage\"},\"thumbnailUrl\":\"https:\/\/www.meridianillinois.com\/wp-content\/uploads\/connect-to-coverage-1536x1024.png\",\"datePublished\":\"2023-01-18T21:29:02+00:00\",\"dateModified\":\"2026-02-05T22:35:13+00:00\",\"description\":\"Je\u015bli nie spe\u0142niasz ju\u017c warunk\u00f3w uczestnictwa w\u202fMedicaid, nadal masz do dyspozycji mn\u00f3stwo opcji niedrogiego lub bezp\u0142atnego ubezpieczenia. Dowiedz si\u0119 wi\u0119cej o\u202fplanach dost\u0119pnych na gie\u0142dzie (Marketplace), w\u202ftym Ambetter Health.\",\"breadcrumb\":{\"@id\":\"https:\/\/www.meridianillinois.com\/pl\/odnowienie\/laczenie\/#breadcrumb\"},\"inLanguage\":\"pl-PL\",\"potentialAction\":[{\"@type\":\"ReadAction\",\"target\":[\"https:\/\/www.meridianillinois.com\/pl\/odnowienie\/laczenie\/\"]}]},{\"@type\":\"ImageObject\",\"inLanguage\":\"pl-PL\",\"@id\":\"https:\/\/www.meridianillinois.com\/pl\/odnowienie\/laczenie\/#primaryimage\",\"url\":\"https:\/\/www.meridianillinois.com\/wp-content\/uploads\/connect-to-coverage-1536x1024.png\",\"contentUrl\":\"https:\/\/www.meridianillinois.com\/wp-content\/uploads\/connect-to-coverage-1536x1024.png\"},{\"@type\":\"BreadcrumbList\",\"@id\":\"https:\/\/www.meridianillinois.com\/pl\/odnowienie\/laczenie\/#breadcrumb\",\"itemListElement\":[{\"@type\":\"ListItem\",\"position\":1,\"name\":\"Home\",\"item\":\"https:\/\/www.meridianillinois.com\/pl\/\"},{\"@type\":\"ListItem\",\"position\":2,\"name\":\"Odnowienie Medicaid\",\"item\":\"https:\/\/www.meridianillinois.com\/pl\/\"},{\"@type\":\"ListItem\",\"position\":3,\"name\":\"Inne plany\"}]},{\"@type\":\"WebSite\",\"@id\":\"https:\/\/www.meridianillinois.com\/pl\/#website\",\"url\":\"https:\/\/www.meridianillinois.com\/pl\/\",\"name\":\"Meridian\",\"description\":\"\",\"potentialAction\":[{\"@type\":\"SearchAction\",\"target\":{\"@type\":\"EntryPoint\",\"urlTemplate\":\"https:\/\/www.meridianillinois.com\/pl\/?s={search_term_string}\"},\"query-input\":{\"@type\":\"PropertyValueSpecification\",\"valueRequired\":true,\"valueName\":\"search_term_string\"}}],\"inLanguage\":\"pl-PL\"}]}<\/script>\n<!-- \/ Yoast SEO plugin. -->","yoast_head_json":{"title":"\u0141\u0105czenie z innymi planami | Meridian","description":"Je\u015bli nie spe\u0142niasz ju\u017c warunk\u00f3w uczestnictwa w\u202fMedicaid, nadal masz do dyspozycji mn\u00f3stwo opcji niedrogiego lub bezp\u0142atnego ubezpieczenia. Dowiedz si\u0119 wi\u0119cej o\u202fplanach dost\u0119pnych na gie\u0142dzie (Marketplace), w\u202ftym Ambetter Health.","robots":{"index":"index","follow":"follow","max-snippet":"max-snippet:-1","max-image-preview":"max-image-preview:large","max-video-preview":"max-video-preview:-1"},"canonical":"https:\/\/www.meridianillinois.com\/pl\/odnowienie\/laczenie\/","og_locale":"pl_PL","og_type":"article","og_title":"\u0141\u0105czenie z innymi planami | Meridian","og_description":"Je\u015bli nie spe\u0142niasz ju\u017c warunk\u00f3w uczestnictwa w\u202fMedicaid, nadal masz do dyspozycji mn\u00f3stwo opcji niedrogiego lub bezp\u0142atnego ubezpieczenia. Dowiedz si\u0119 wi\u0119cej o\u202fplanach dost\u0119pnych na gie\u0142dzie (Marketplace), w\u202ftym Ambetter Health.","og_url":"https:\/\/www.meridianillinois.com\/pl\/odnowienie\/laczenie\/","og_site_name":"Meridian","article_modified_time":"2026-02-05T22:35:13+00:00","og_image":[{"url":"https:\/\/www.meridianillinois.com\/wp-content\/uploads\/connect-to-coverage-1536x1024.png","type":"","width":"","height":""}],"twitter_card":"summary_large_image","twitter_misc":{"Szacowany czas czytania":"3 minuty"},"schema":{"@context":"https:\/\/schema.org","@graph":[{"@type":"WebPage","@id":"https:\/\/www.meridianillinois.com\/pl\/odnowienie\/laczenie\/","url":"https:\/\/www.meridianillinois.com\/pl\/odnowienie\/laczenie\/","name":"\u0141\u0105czenie z innymi planami | Meridian","isPartOf":{"@id":"https:\/\/www.meridianillinois.com\/pl\/#website"},"primaryImageOfPage":{"@id":"https:\/\/www.meridianillinois.com\/pl\/odnowienie\/laczenie\/#primaryimage"},"image":{"@id":"https:\/\/www.meridianillinois.com\/pl\/odnowienie\/laczenie\/#primaryimage"},"thumbnailUrl":"https:\/\/www.meridianillinois.com\/wp-content\/uploads\/connect-to-coverage-1536x1024.png","datePublished":"2023-01-18T21:29:02+00:00","dateModified":"2026-02-05T22:35:13+00:00","description":"Je\u015bli nie spe\u0142niasz ju\u017c warunk\u00f3w uczestnictwa w\u202fMedicaid, nadal masz do dyspozycji mn\u00f3stwo opcji niedrogiego lub bezp\u0142atnego ubezpieczenia. Dowiedz si\u0119 wi\u0119cej o\u202fplanach dost\u0119pnych na gie\u0142dzie (Marketplace), w\u202ftym Ambetter Health.","breadcrumb":{"@id":"https:\/\/www.meridianillinois.com\/pl\/odnowienie\/laczenie\/#breadcrumb"},"inLanguage":"pl-PL","potentialAction":[{"@type":"ReadAction","target":["https:\/\/www.meridianillinois.com\/pl\/odnowienie\/laczenie\/"]}]},{"@type":"ImageObject","inLanguage":"pl-PL","@id":"https:\/\/www.meridianillinois.com\/pl\/odnowienie\/laczenie\/#primaryimage","url":"https:\/\/www.meridianillinois.com\/wp-content\/uploads\/connect-to-coverage-1536x1024.png","contentUrl":"https:\/\/www.meridianillinois.com\/wp-content\/uploads\/connect-to-coverage-1536x1024.png"},{"@type":"BreadcrumbList","@id":"https:\/\/www.meridianillinois.com\/pl\/odnowienie\/laczenie\/#breadcrumb","itemListElement":[{"@type":"ListItem","position":1,"name":"Home","item":"https:\/\/www.meridianillinois.com\/pl\/"},{"@type":"ListItem","position":2,"name":"Odnowienie Medicaid","item":"https:\/\/www.meridianillinois.com\/pl\/"},{"@type":"ListItem","position":3,"name":"Inne plany"}]},{"@type":"WebSite","@id":"https:\/\/www.meridianillinois.com\/pl\/#website","url":"https:\/\/www.meridianillinois.com\/pl\/","name":"Meridian","description":"","potentialAction":[{"@type":"SearchAction","target":{"@type":"EntryPoint","urlTemplate":"https:\/\/www.meridianillinois.com\/pl\/?s={search_term_string}"},"query-input":{"@type":"PropertyValueSpecification","valueRequired":true,"valueName":"search_term_string"}}],"inLanguage":"pl-PL"}]}},"acf":[],"_links":{"self":[{"href":"https:\/\/www.meridianillinois.com\/pl\/wp-json\/wp\/v2\/pages\/1453","targetHints":{"allow":["GET"]}}],"collection":[{"href":"https:\/\/www.meridianillinois.com\/pl\/wp-json\/wp\/v2\/pages"}],"about":[{"href":"https:\/\/www.meridianillinois.com\/pl\/wp-json\/wp\/v2\/types\/page"}],"author":[{"embeddable":true,"href":"https:\/\/www.meridianillinois.com\/pl\/wp-json\/wp\/v2\/users\/1"}],"replies":[{"embeddable":true,"href":"https:\/\/www.meridianillinois.com\/pl\/wp-json\/wp\/v2\/comments?post=1453"}],"version-history":[{"count":15,"href":"https:\/\/www.meridianillinois.com\/pl\/wp-json\/wp\/v2\/pages\/1453\/revisions"}],"predecessor-version":[{"id":1927,"href":"https:\/\/www.meridianillinois.com\/pl\/wp-json\/wp\/v2\/pages\/1453\/revisions\/1927"}],"up":[{"embeddable":true,"href":"https:\/\/www.meridianillinois.com\/pl\/wp-json\/wp\/v2\/pages\/1427"}],"wp:attachment":[{"href":"https:\/\/www.meridianillinois.com\/pl\/wp-json\/wp\/v2\/media?parent=1453"}],"curies":[{"name":"wp","href":"https:\/\/api.w.org\/{rel}","templated":true}]}}