{"id":1423,"date":"2023-03-01T11:46:16","date_gmt":"2023-03-01T17:46:16","guid":{"rendered":"https:\/\/www.meridianillinois.com\/global-footer\/"},"modified":"2025-04-17T09:32:45","modified_gmt":"2025-04-17T14:32:45","slug":"global-footer","status":"publish","type":"page","link":"https:\/\/www.meridianillinois.com\/pl\/global-footer\/","title":{"rendered":"Globalna stopka"},"content":{"rendered":"\n<footer class=\"wp-block-group has-white-color has-dark-background-color has-text-color has-background is-layout-flow wp-block-group-is-layout-flow\">\n<div class=\"wp-block-columns is-layout-flex wp-container-core-columns-is-layout-1 wp-block-columns-is-layout-flex\">\n<div class=\"wp-block-column col-md-6 col-xl-3 mb-4x mb-xl-0 is-layout-flow wp-block-column-is-layout-flow\">\n<figure class=\"wp-block-image size-full is-resized d-block mb-4\"><img decoding=\"async\" width=\"582\" height=\"126\" src=\"https:\/\/www.meridianillinois.com\/wp-content\/uploads\/meridian-logo-white.png\" alt=\"\" class=\"wp-image-45\" style=\"width:194px;height:42px\" srcset=\"https:\/\/www.meridianillinois.com\/wp-content\/uploads\/meridian-logo-white.png 582w, https:\/\/www.meridianillinois.com\/wp-content\/uploads\/meridian-logo-white-320x69.png 320w\" sizes=\"(max-width: 582px) 100vw, 582px\" \/><\/figure>\n\n\n\n<figure class=\"wp-block-image size-full is-resized d-block\"><img decoding=\"async\" width=\"525\" height=\"180\" src=\"https:\/\/www.meridianillinois.com\/wp-content\/uploads\/healthchoice-logo-white.png\" alt=\"\" class=\"wp-image-43\" style=\"width:175px;height:60px\" srcset=\"https:\/\/www.meridianillinois.com\/wp-content\/uploads\/healthchoice-logo-white.png 525w, https:\/\/www.meridianillinois.com\/wp-content\/uploads\/healthchoice-logo-white-320x110.png 320w\" sizes=\"(max-width: 525px) 100vw, 525px\" \/><\/figure>\n<\/div>\n\n\n\n<div class=\"wp-block-column order-md-2 order-xl-3 col-md-6 col-xl-3 mb-4x mb-xl-0 is-layout-flow wp-block-column-is-layout-flow\">\n<h2 class=\"wp-block-heading h4 has-white-color has-text-color has-xl-font-size\">Subskrypcja newslettera dla pacjent\u00f3w<\/h2>\n\n\n\n<div class=\"wp-block-buttons is-horizontal is-content-justification-left is-layout-flex wp-container-core-buttons-is-layout-1 wp-block-buttons-is-layout-flex\">\n<div class=\"wp-block-button is-style-primary-button\"><a class=\"wp-block-button__link wp-element-button\" href=\"https:\/\/cloud.info.ilmeridian.com\/newsletter-subscribe\" target=\"_blank\" rel=\"noreferrer noopener\">subskrybuj<\/a><\/div>\n<\/div>\n<\/div>\n\n\n\n<div class=\"wp-block-column order-md-3 order-xl-2 col-md-12 col-xl-6 mb-4x mb-xl-0 is-layout-flow wp-block-column-is-layout-flow\">  <div class=\"menu-main-menu-container\"><ul id=\"menu-main-menu\" class=\"pd-footer-nav nav d-flex\"><li id=\"menu-item-17\" class=\"pd-main-tag menu-item menu-item-type-post_type menu-item-object-page menu-item-home menu-item-17\"><a href=\"https:\/\/www.meridianillinois.com\/renew\/\">Odnowienie Medicaid<\/a><\/li>\n<li id=\"menu-item-18\" class=\"pd-main-tag menu-item menu-item-type-post_type menu-item-object-page menu-item-18\"><a href=\"https:\/\/www.meridianillinois.com\/renew\/howto\/\">Jak odnowi\u0107<\/a><\/li>\n<li id=\"menu-item-19\" class=\"pd-main-tag menu-item menu-item-type-post_type menu-item-object-page menu-item-19\"><a href=\"https:\/\/www.meridianillinois.com\/renew\/connect\/\">Inne plany<\/a><\/li>\n<\/ul><\/div>  \n\n\n  <div class=\"menu-toolbar-menu-container\"><ul id=\"menu-toolbar-menu\" class=\"pd-footer-nav nav d-flex\"><li id=\"menu-item-25\" class=\"pd-toolbar-tag menu-item menu-item-type-post_type menu-item-object-page menu-item-25\"><a href=\"https:\/\/www.meridianillinois.com\/renew\/providers\/\">Dla \u015bwiadczeniodawc\u00f3w<\/a><\/li>\n<li id=\"menu-item-24\" class=\"pd-toolbar-tag menu-item menu-item-type-post_type menu-item-object-page menu-item-24\"><a href=\"https:\/\/www.meridianillinois.com\/renew\/community\/\">Dla spo\u0142eczno\u015bci<\/a><\/li>\n<li id=\"menu-item-26\" class=\"pd-toolbar-tag menu-item menu-item-type-custom menu-item-object-custom menu-item-26\"><a target=\"_blank\" href=\"https:\/\/www.ilmeridian.com\/\">ILmeridian.com<\/a><\/li>\n<\/ul><\/div>  \n\n\n\n<p class=\"has-sm-font-size\">Uwa\u017caj na oszustwa. <strong>Urz\u0119dnicy stanu Illinois nigdy nie prosz\u0105 o\u00a0pieni\u0105dze w\u00a0zwi\u0105zku z\u00a0odnowieniem lub ubieganiem si\u0119 o\u00a0ubezpieczenie Medicaid. <\/strong>Oszustwa nale\u017cy zg\u0142asza\u0107 za po\u015brednictwem <a href=\"https:\/\/hfs.illinois.gov\/oig\/reportfraud.html\">witryny do zg\u0142aszania oszustw<\/a> lub infolinii Medicaid do zg\u0142aszania oszustw<a href=\"tel:+18444537283\"> 1-844-453-7283<\/a>\/1-844-ILFRAUD.<\/p>\n\n\n\n<p class=\"has-sm-font-size\">Plan D\u0142ugookresowych Us\u0142ug Zarz\u0105dzanych i\u00a0Wsparcia Meridian obejmuje d\u0142ugookresowe us\u0142ugi opieki. Nie obejmuje wizyt lekarskich, recept ani innych \u015bwiadcze\u0144 realizowanych przez Medicare. <a href=\"https:\/\/www.ilmeridian.com\/members\/mltss\/member-resources\/handbooks-forms.html\">Wi\u0119cej informacji na temat zakresu us\u0142ug<\/a>.<\/p>\n\n\n\n<p class=\"has-sm-font-size\">Meridian przestrzega obowi\u0105zuj\u0105cych federalnych praw obywatelskich i nie dyskryminuje z powodu rasy, koloru sk\u00f3ry, pochodzenia, wieku, niepe\u0142nosprawno\u015bci lub p\u0142ci.<\/p>\n\n\n\n<p class=\"has-sm-font-size\">UWAGA: Je\u017celi m\u00f3wisz po polsku, mo\u017cesz skorzysta\u0107 z bezp\u0142atnej pomocy j\u0119zykowej. Zadzwo\u0144 pod numer <a href=\"tel:8666063700\">866-606-3700<\/a> (TTY: <a href=\"tel:711\">711<\/a>).<\/p>\n\n\n\n<p class=\"pd-arrow-start has-sm-font-size\">Za pomoc\u0105 tych link\u00f3w dostaniesz si\u0119 na strony administrowane przez Wydzia\u0142 Opieki Zdrowotnej i \u015awiadcze\u0144 Rodzinnych stanu Illinois (Illinois Department of Healthcare and Family Services, HFS).<\/p>\n<\/div>\n<\/div>\n\n\n\n<hr class=\"wp-block-separator has-text-color has-white-color has-alpha-channel-opacity has-white-background-color has-background is-style-wide pd-footer-rule\"\/>\n\n\n\n<div class=\"wp-block-columns mt-4x mt-lg-0 is-layout-flex wp-container-core-columns-is-layout-2 wp-block-columns-is-layout-flex\">\n<div class=\"wp-block-column col-md-12 col-lg-auto mb-4x my-lg-auto is-layout-flow wp-block-column-is-layout-flow\">\n<ul class=\"wp-block-list list-unstyled list-inline m-0 has-sm-font-size\">\n<li class=\"list-inline-item\">\u00a9 Copyright 2026 Meridian. Wszystkie prawa zastrze\u017cone.<\/li>\n\n\n\n<li class=\"list-inline-item\"><a href=\"https:\/\/www.ilmeridian.com\/privacy-policy.html\" target=\"_blank\" rel=\"noreferrer noopener\">Polityka prywatno\u015bci<\/a><\/li>\n\n\n\n<li class=\"list-inline-item\"><a href=\"https:\/\/www.ilmeridian.com\/terms-conditions.html\" target=\"_blank\" rel=\"noreferrer noopener\">Regulamin<\/a><\/li>\n<\/ul>\n<\/div>\n\n\n\n<div class=\"wp-block-column col-md-12 col-lg-auto ml-lg-auto my-lg-auto is-layout-flow wp-block-column-is-layout-flow\">  <div class=\"menu-footer-menu-container\"><ul id=\"menu-footer-menu\" class=\"pd-footer-nav pd-footer-social nav d-flex m-0\"><li id=\"menu-item-241\" class=\"pd-social-icon menu-item menu-item-type-custom menu-item-object-custom menu-item-241\"><a target=\"_blank\" href=\"https:\/\/www.facebook.com\/ILMeridian\"><i class=\"fa-brands fa-facebook-f\"><p class=\"sr-only\">Facebook<\/p><\/i><\/a><\/li>\n<li id=\"menu-item-242\" class=\"pd-social-icon menu-item menu-item-type-custom menu-item-object-custom menu-item-242\"><a target=\"_blank\" href=\"https:\/\/twitter.com\/ILMeridian\"><i class=\"fa-brands fa-x-twitter\"><p class=\"sr-only\">Twitter<\/p><\/i><\/a><\/li>\n<li id=\"menu-item-243\" class=\"pd-social-icon menu-item menu-item-type-custom menu-item-object-custom menu-item-243\"><a target=\"_blank\" href=\"https:\/\/www.instagram.com\/ilmeridian\/\"><i class=\"fa-brands fa-instagram\"><p class=\"sr-only\">Instagram<\/p><\/i><\/a><\/li>\n<li id=\"menu-item-244\" class=\"pd-social-icon menu-item menu-item-type-custom menu-item-object-custom menu-item-244\"><a target=\"_blank\" href=\"https:\/\/www.linkedin.com\/company\/meridianhealth-of-illinois\/\"><i class=\"fa-brands fa-linkedin-in\"><p class=\"sr-only\">LinkedIn<\/p><\/i><\/a><\/li>\n<\/ul><\/div>  \n<\/div>\n<\/div>\n<\/footer>\n","protected":false},"excerpt":{"rendered":"<p>Subskrypcja newslettera dla pacjent\u00f3w Uwa\u017caj na oszustwa. Urz\u0119dnicy stanu Illinois nigdy nie prosz\u0105 o\u00a0pieni\u0105dze w\u00a0zwi\u0105zku z\u00a0odnowieniem lub ubieganiem si\u0119 o\u00a0ubezpieczenie Medicaid. Oszustwa nale\u017cy zg\u0142asza\u0107 za po\u015brednictwem witryny do zg\u0142aszania oszustw lub infolinii Medicaid do zg\u0142aszania oszustw 1-844-453-7283\/1-844-ILFRAUD. Plan D\u0142ugookresowych Us\u0142ug Zarz\u0105dzanych i\u00a0Wsparcia Meridian obejmuje d\u0142ugookresowe us\u0142ugi opieki. Nie obejmuje wizyt lekarskich, recept ani innych \u015bwiadcze\u0144 [&hellip;]<\/p>\n","protected":false},"author":1,"featured_media":0,"parent":0,"menu_order":0,"comment_status":"closed","ping_status":"closed","template":"","meta":{"_acf_changed":false,"footnotes":""},"class_list":["post-1423","page","type-page","status-publish","hentry"],"yoast_head":"<!-- This site is optimized with the Yoast SEO plugin v24.0 - https:\/\/yoast.com\/wordpress\/plugins\/seo\/ -->\n<title>Globalna stopka | Meridian<\/title>\n<meta name=\"robots\" content=\"index, follow, max-snippet:-1, max-image-preview:large, max-video-preview:-1\" \/>\n<link rel=\"canonical\" href=\"https:\/\/www.meridianillinois.com\/pl\/global-footer\/\" \/>\n<meta property=\"og:locale\" content=\"pl_PL\" \/>\n<meta property=\"og:type\" content=\"article\" \/>\n<meta property=\"og:title\" content=\"Globalna stopka | Meridian\" \/>\n<meta property=\"og:description\" content=\"Subskrypcja newslettera dla pacjent\u00f3w Uwa\u017caj na oszustwa. Urz\u0119dnicy stanu Illinois nigdy nie prosz\u0105 o\u00a0pieni\u0105dze w\u00a0zwi\u0105zku z\u00a0odnowieniem lub ubieganiem si\u0119 o\u00a0ubezpieczenie Medicaid. Oszustwa nale\u017cy zg\u0142asza\u0107 za po\u015brednictwem witryny do zg\u0142aszania oszustw lub infolinii Medicaid do zg\u0142aszania oszustw 1-844-453-7283\/1-844-ILFRAUD. Plan D\u0142ugookresowych Us\u0142ug Zarz\u0105dzanych i\u00a0Wsparcia Meridian obejmuje d\u0142ugookresowe us\u0142ugi opieki. Nie obejmuje wizyt lekarskich, recept ani innych \u015bwiadcze\u0144 [&hellip;]\" \/>\n<meta property=\"og:url\" content=\"https:\/\/www.meridianillinois.com\/pl\/global-footer\/\" \/>\n<meta property=\"og:site_name\" content=\"Meridian\" \/>\n<meta property=\"article:modified_time\" content=\"2025-04-17T14:32:45+00:00\" \/>\n<meta property=\"og:image\" content=\"https:\/\/www.meridianillinois.com\/wp-content\/uploads\/meridian-logo-white.png\" \/>\n<meta name=\"twitter:card\" content=\"summary_large_image\" \/>\n<meta name=\"twitter:label1\" content=\"Szacowany czas czytania\" \/>\n\t<meta name=\"twitter:data1\" content=\"2 minuty\" \/>\n<script type=\"application\/ld+json\" class=\"yoast-schema-graph\">{\"@context\":\"https:\/\/schema.org\",\"@graph\":[{\"@type\":\"WebPage\",\"@id\":\"https:\/\/www.meridianillinois.com\/pl\/global-footer\/\",\"url\":\"https:\/\/www.meridianillinois.com\/pl\/global-footer\/\",\"name\":\"Globalna stopka | Meridian\",\"isPartOf\":{\"@id\":\"https:\/\/www.meridianillinois.com\/pl\/#website\"},\"primaryImageOfPage\":{\"@id\":\"https:\/\/www.meridianillinois.com\/pl\/global-footer\/#primaryimage\"},\"image\":{\"@id\":\"https:\/\/www.meridianillinois.com\/pl\/global-footer\/#primaryimage\"},\"thumbnailUrl\":\"https:\/\/www.meridianillinois.com\/wp-content\/uploads\/meridian-logo-white.png\",\"datePublished\":\"2023-03-01T17:46:16+00:00\",\"dateModified\":\"2025-04-17T14:32:45+00:00\",\"breadcrumb\":{\"@id\":\"https:\/\/www.meridianillinois.com\/pl\/global-footer\/#breadcrumb\"},\"inLanguage\":\"pl-PL\",\"potentialAction\":[{\"@type\":\"ReadAction\",\"target\":[\"https:\/\/www.meridianillinois.com\/pl\/global-footer\/\"]}]},{\"@type\":\"ImageObject\",\"inLanguage\":\"pl-PL\",\"@id\":\"https:\/\/www.meridianillinois.com\/pl\/global-footer\/#primaryimage\",\"url\":\"https:\/\/www.meridianillinois.com\/wp-content\/uploads\/meridian-logo-white.png\",\"contentUrl\":\"https:\/\/www.meridianillinois.com\/wp-content\/uploads\/meridian-logo-white.png\"},{\"@type\":\"BreadcrumbList\",\"@id\":\"https:\/\/www.meridianillinois.com\/pl\/global-footer\/#breadcrumb\",\"itemListElement\":[{\"@type\":\"ListItem\",\"position\":1,\"name\":\"Home\",\"item\":\"https:\/\/www.meridianillinois.com\/pl\/\"},{\"@type\":\"ListItem\",\"position\":2,\"name\":\"Globalna stopka\"}]},{\"@type\":\"WebSite\",\"@id\":\"https:\/\/www.meridianillinois.com\/pl\/#website\",\"url\":\"https:\/\/www.meridianillinois.com\/pl\/\",\"name\":\"Meridian\",\"description\":\"\",\"potentialAction\":[{\"@type\":\"SearchAction\",\"target\":{\"@type\":\"EntryPoint\",\"urlTemplate\":\"https:\/\/www.meridianillinois.com\/pl\/?s={search_term_string}\"},\"query-input\":{\"@type\":\"PropertyValueSpecification\",\"valueRequired\":true,\"valueName\":\"search_term_string\"}}],\"inLanguage\":\"pl-PL\"}]}<\/script>\n<!-- \/ Yoast SEO plugin. -->","yoast_head_json":{"title":"Globalna stopka | Meridian","robots":{"index":"index","follow":"follow","max-snippet":"max-snippet:-1","max-image-preview":"max-image-preview:large","max-video-preview":"max-video-preview:-1"},"canonical":"https:\/\/www.meridianillinois.com\/pl\/global-footer\/","og_locale":"pl_PL","og_type":"article","og_title":"Globalna stopka | Meridian","og_description":"Subskrypcja newslettera dla pacjent\u00f3w Uwa\u017caj na oszustwa. Urz\u0119dnicy stanu Illinois nigdy nie prosz\u0105 o\u00a0pieni\u0105dze w\u00a0zwi\u0105zku z\u00a0odnowieniem lub ubieganiem si\u0119 o\u00a0ubezpieczenie Medicaid. Oszustwa nale\u017cy zg\u0142asza\u0107 za po\u015brednictwem witryny do zg\u0142aszania oszustw lub infolinii Medicaid do zg\u0142aszania oszustw 1-844-453-7283\/1-844-ILFRAUD. Plan D\u0142ugookresowych Us\u0142ug Zarz\u0105dzanych i\u00a0Wsparcia Meridian obejmuje d\u0142ugookresowe us\u0142ugi opieki. Nie obejmuje wizyt lekarskich, recept ani innych \u015bwiadcze\u0144 [&hellip;]","og_url":"https:\/\/www.meridianillinois.com\/pl\/global-footer\/","og_site_name":"Meridian","article_modified_time":"2025-04-17T14:32:45+00:00","og_image":[{"url":"https:\/\/www.meridianillinois.com\/wp-content\/uploads\/meridian-logo-white.png","type":"","width":"","height":""}],"twitter_card":"summary_large_image","twitter_misc":{"Szacowany czas czytania":"2 minuty"},"schema":{"@context":"https:\/\/schema.org","@graph":[{"@type":"WebPage","@id":"https:\/\/www.meridianillinois.com\/pl\/global-footer\/","url":"https:\/\/www.meridianillinois.com\/pl\/global-footer\/","name":"Globalna stopka | Meridian","isPartOf":{"@id":"https:\/\/www.meridianillinois.com\/pl\/#website"},"primaryImageOfPage":{"@id":"https:\/\/www.meridianillinois.com\/pl\/global-footer\/#primaryimage"},"image":{"@id":"https:\/\/www.meridianillinois.com\/pl\/global-footer\/#primaryimage"},"thumbnailUrl":"https:\/\/www.meridianillinois.com\/wp-content\/uploads\/meridian-logo-white.png","datePublished":"2023-03-01T17:46:16+00:00","dateModified":"2025-04-17T14:32:45+00:00","breadcrumb":{"@id":"https:\/\/www.meridianillinois.com\/pl\/global-footer\/#breadcrumb"},"inLanguage":"pl-PL","potentialAction":[{"@type":"ReadAction","target":["https:\/\/www.meridianillinois.com\/pl\/global-footer\/"]}]},{"@type":"ImageObject","inLanguage":"pl-PL","@id":"https:\/\/www.meridianillinois.com\/pl\/global-footer\/#primaryimage","url":"https:\/\/www.meridianillinois.com\/wp-content\/uploads\/meridian-logo-white.png","contentUrl":"https:\/\/www.meridianillinois.com\/wp-content\/uploads\/meridian-logo-white.png"},{"@type":"BreadcrumbList","@id":"https:\/\/www.meridianillinois.com\/pl\/global-footer\/#breadcrumb","itemListElement":[{"@type":"ListItem","position":1,"name":"Home","item":"https:\/\/www.meridianillinois.com\/pl\/"},{"@type":"ListItem","position":2,"name":"Globalna stopka"}]},{"@type":"WebSite","@id":"https:\/\/www.meridianillinois.com\/pl\/#website","url":"https:\/\/www.meridianillinois.com\/pl\/","name":"Meridian","description":"","potentialAction":[{"@type":"SearchAction","target":{"@type":"EntryPoint","urlTemplate":"https:\/\/www.meridianillinois.com\/pl\/?s={search_term_string}"},"query-input":{"@type":"PropertyValueSpecification","valueRequired":true,"valueName":"search_term_string"}}],"inLanguage":"pl-PL"}]}},"acf":[],"_links":{"self":[{"href":"https:\/\/www.meridianillinois.com\/pl\/wp-json\/wp\/v2\/pages\/1423","targetHints":{"allow":["GET"]}}],"collection":[{"href":"https:\/\/www.meridianillinois.com\/pl\/wp-json\/wp\/v2\/pages"}],"about":[{"href":"https:\/\/www.meridianillinois.com\/pl\/wp-json\/wp\/v2\/types\/page"}],"author":[{"embeddable":true,"href":"https:\/\/www.meridianillinois.com\/pl\/wp-json\/wp\/v2\/users\/1"}],"replies":[{"embeddable":true,"href":"https:\/\/www.meridianillinois.com\/pl\/wp-json\/wp\/v2\/comments?post=1423"}],"version-history":[{"count":11,"href":"https:\/\/www.meridianillinois.com\/pl\/wp-json\/wp\/v2\/pages\/1423\/revisions"}],"predecessor-version":[{"id":1876,"href":"https:\/\/www.meridianillinois.com\/pl\/wp-json\/wp\/v2\/pages\/1423\/revisions\/1876"}],"wp:attachment":[{"href":"https:\/\/www.meridianillinois.com\/pl\/wp-json\/wp\/v2\/media?parent=1423"}],"curies":[{"name":"wp","href":"https:\/\/api.w.org\/{rel}","templated":true}]}}