{"id":769,"date":"2023-01-18T15:34:38","date_gmt":"2023-01-18T21:34:38","guid":{"rendered":"https:\/\/www.meridianillinois.com\/renovacion-de-medicaid\/comunidad\/"},"modified":"2025-05-30T12:51:06","modified_gmt":"2025-05-30T17:51:06","slug":"para-la-comunidad","status":"publish","type":"page","link":"https:\/\/www.meridianillinois.com\/es\/renovar\/para-la-comunidad\/","title":{"rendered":"Para la Comunidad"},"content":{"rendered":"\n<div class=\"wp-block-group meridian-hero-tertiary has-global-padding is-layout-constrained wp-block-group-is-layout-constrained\">\n<p class=\"pd-period\">completemos la redeterminaci\u00f3n<br \/><strong><em>juntos<\/em><\/strong><\/p>\n<\/div>\n\n\n\n<div class=\"wp-block-columns pd-section pd-rule-bottom is-layout-flex wp-container-core-columns-is-layout-1 wp-block-columns-is-layout-flex\">\n<div class=\"wp-block-column col-md-12 col-lg-9 is-layout-flow wp-block-column-is-layout-flow\">\n<p><strong>Para nuestros Socios de la Comunidad<\/strong><\/p>\n\n\n\n<h1 class=\"wp-block-heading\">Estamos aqu\u00ed para ayudar a todos a renovar su cobertura de Medicaid.<\/h1>\n\n\n\n<p class=\"mb-0\">Nuestros socios de la comunidad se encuentran en una posici\u00f3n excepcional para ayudar a m\u00e1s personas a conservar su cobertura de atenci\u00f3n m\u00e9dica durante la redeterminaci\u00f3n, y estamos decididos a brindarles apoyo en cada paso del proceso. Debido a que si m\u00e1s personas reciben la atenci\u00f3n que necesitan, todo nuestro estado puede vivir con mejor salud.\u00a0<\/p>\n<\/div>\n<\/div>\n\n\n\n<div class=\"wp-block-columns pd-section pb-0 is-layout-flex wp-container-core-columns-is-layout-2 wp-block-columns-is-layout-flex\">\n<div class=\"wp-block-column col-md-12 col-lg-10 is-layout-flow wp-block-column-is-layout-flow\">\n<h3 class=\"wp-block-heading\">\u00bfQu\u00e9 es la redeterminaci\u00f3n?<\/h3>\n\n\n\n<p class=\"mb-4x\"><strong><\/strong><strong>La redeterminaci\u00f3n es el modo en que los beneficiarios de Medicaid pueden renovar su cobertura de atenci\u00f3n m\u00e9dica.<\/strong><br \/>Cada a\u00f1o, el Departamento de Atenci\u00f3n M\u00e9dica y Servicios para Familias (HFS) de Illinois lleva a cabo una revisi\u00f3n de las finanzas y la situaci\u00f3n familiar de todos los beneficiarios de Medicaid. Esta revisi\u00f3n, llamada redeterminaci\u00f3n, se realiza para garantizar que los beneficiarios sigan calificando para recibir la cobertura de Medicaid.<\/p>\n<\/div>\n<\/div>\n\n\n\n<div class=\"wp-block-columns pd-section meridian-connect pb-0 is-layout-flex wp-container-core-columns-is-layout-3 wp-block-columns-is-layout-flex\">\n<div class=\"wp-block-column order-md-2 col-md-4 is-layout-flow wp-block-column-is-layout-flow\">\n<figure class=\"wp-block-image size-full\"><img decoding=\"async\" width=\"1040\" height=\"1040\" src=\"https:\/\/www.meridianillinois.com\/wp-content\/uploads\/meridian-hfs@2x.png\" alt=\"\" class=\"wp-image-189\" srcset=\"https:\/\/www.meridianillinois.com\/wp-content\/uploads\/meridian-hfs@2x.png 1040w, https:\/\/www.meridianillinois.com\/wp-content\/uploads\/meridian-hfs@2x-960x960.png 960w, https:\/\/www.meridianillinois.com\/wp-content\/uploads\/meridian-hfs@2x-640x640.png 640w, https:\/\/www.meridianillinois.com\/wp-content\/uploads\/meridian-hfs@2x-768x768.png 768w, https:\/\/www.meridianillinois.com\/wp-content\/uploads\/meridian-hfs@2x-320x320.png 320w\" sizes=\"(max-width: 1040px) 100vw, 1040px\" \/><\/figure>\n<\/div>\n\n\n\n<div class=\"wp-block-column col-md-8 is-layout-flow wp-block-column-is-layout-flow\">\n<h3 class=\"wp-block-heading\">Obtenga el apoyo que usted y su comunidad necesitan.<\/h3>\n\n\n\n<p>Llame a la oficina de Medicaid de nuestro estado (que forma parte del Departamento de Atenci\u00f3n M\u00e9dica y Servicios para Familias) si tiene alguna pregunta o si desea obtener m\u00e1s informaci\u00f3n sobre los recursos disponibles:<\/p>\n\n\n\n<p><strong><a href=\"tel:1-8008436154\">1-800-843-6154<\/a> (TTY: <a href=\"tel:+18663245553\">1-866-324-5553<\/a>) sin cargo<br \/>de lunes a viernes, de 8:00 a.m. a 5:30 p.m.<\/strong><\/p>\n<\/div>\n<\/div>\n\n\n\n<div class=\"wp-block-columns pd-section is-layout-flex wp-container-core-columns-is-layout-5 wp-block-columns-is-layout-flex\">\n<div class=\"wp-block-column col-md-12 col-lg-4 is-layout-flow wp-block-column-is-layout-flow\" style=\"flex-basis:33.33%\">\n<h3 class=\"wp-block-heading\">Recursos para <br \/>nuestros miembros<\/h3>\n<\/div>\n\n\n\n<div class=\"wp-block-column col-md-12 col-lg-8 is-layout-flow wp-block-column-is-layout-flow\" style=\"flex-basis:66.66%\">\n<div class=\"wp-block-columns is-layout-flex wp-container-core-columns-is-layout-4 wp-block-columns-is-layout-flex\">\n<div class=\"wp-block-column is-layout-flow wp-block-column-is-layout-flow\">\n<div id=\"pd-block_5b3542f380e4f189ddeabe678d0f5212\" class=\"wp-block-icon-bullets pd-icon-bullets tertiary-bullets\">\n            <div class=\"pd-icon-bullet\">\n        <img decoding=\"async\" width=\"126\" height=\"126\" src=\"https:\/\/www.meridianillinois.com\/wp-content\/uploads\/Meridian_Icon_Guide.png\" class=\"attachment-thumbnail size-thumbnail\" alt=\"Icon of a piece of paper or guide.\" \/>        <div>\n          <h5>Obtenga nuestra gu\u00eda.<\/h5>\n<p>Consulte las <a href=\"https:\/\/www.meridianillinois.com\/renew\/howto\/\">instrucciones paso a paso<\/a> para completar la redeterminaci\u00f3n.<\/p>\n        <\/div>\n      <\/div>\n          <div class=\"pd-icon-bullet\">\n        <img decoding=\"async\" width=\"126\" height=\"126\" src=\"https:\/\/www.meridianillinois.com\/wp-content\/uploads\/Meridian_RedeMicrosite_12Jan2023_Laptop-1.png\" class=\"attachment-thumbnail size-thumbnail\" alt=\"Icon of a computer on a blank webpage.\" \/>        <div>\n          <h5>Use nuestra herramienta interactiva.<\/h5>\n<p><a href=\"https:\/\/www.meridianillinois.com\/renew\/howto\/#interactive-tool\">Consulte en qu\u00e9 parte del proceso se encuentra y sepa qu\u00e9 debe hacer a continuaci\u00f3n.<\/a><\/p>\n        <\/div>\n      <\/div>\n          <div class=\"pd-icon-bullet\">\n        <img decoding=\"async\" width=\"126\" height=\"126\" src=\"https:\/\/www.meridianillinois.com\/wp-content\/uploads\/Meridian_Icon_Primary_MemberServices-2.png\" class=\"attachment-thumbnail size-thumbnail\" alt=\"Icon of a phone headset.\" \/>        <div>\n          <h5>Comun\u00edquese con nosotros.<\/h5>\n<p>Llame a Servicios para Miembros al <a href=\"tel:+18666063700\">866-606-3700<\/a> (TTY: <a href=\"tel:711\">711<\/a>). Estamos aqu\u00ed para ayudar a nuestros miembros con la redeterminaci\u00f3n.<\/p>\n        <\/div>\n      <\/div>\n      <\/div><\/div>\n<\/div>\n<\/div>\n<\/div>\n\n\n\n\n","protected":false},"excerpt":{"rendered":"<p>completemos la redeterminaci\u00f3njuntos Para nuestros Socios de la Comunidad Estamos aqu\u00ed para ayudar a todos a renovar su cobertura de Medicaid. Nuestros socios de la comunidad se encuentran en una posici\u00f3n excepcional para ayudar a m\u00e1s personas a conservar su cobertura de atenci\u00f3n m\u00e9dica durante la redeterminaci\u00f3n, y estamos decididos a brindarles apoyo en cada [&hellip;]<\/p>\n","protected":false},"author":1,"featured_media":0,"parent":33,"menu_order":0,"comment_status":"closed","ping_status":"closed","template":"","meta":{"_acf_changed":false,"footnotes":""},"class_list":["post-769","page","type-page","status-publish","hentry"],"yoast_head":"<!-- This site is optimized with the Yoast SEO plugin v24.0 - https:\/\/yoast.com\/wordpress\/plugins\/seo\/ -->\n<title>Para la Comunidad | Meridian<\/title>\n<meta name=\"description\" content=\"Conozca los detalles sobre la redeterminaci\u00f3n de Medicaid. Esto es lo que debe saber sobre c\u00f3mo renovar los beneficios de Medicaid en Illinois.\" \/>\n<meta name=\"robots\" content=\"index, follow, max-snippet:-1, max-image-preview:large, max-video-preview:-1\" \/>\n<link rel=\"canonical\" href=\"https:\/\/www.meridianillinois.com\/es\/renovar\/para-la-comunidad\/\" \/>\n<meta property=\"og:locale\" content=\"es_ES\" \/>\n<meta property=\"og:type\" content=\"article\" \/>\n<meta property=\"og:title\" content=\"Para la Comunidad | Meridian\" \/>\n<meta property=\"og:description\" content=\"Conozca los detalles sobre la redeterminaci\u00f3n de Medicaid. Esto es lo que debe saber sobre c\u00f3mo renovar los beneficios de Medicaid en Illinois.\" \/>\n<meta property=\"og:url\" content=\"https:\/\/www.meridianillinois.com\/es\/renovar\/para-la-comunidad\/\" \/>\n<meta property=\"og:site_name\" content=\"Meridian\" \/>\n<meta property=\"article:modified_time\" content=\"2025-05-30T17:51:06+00:00\" \/>\n<meta property=\"og:image\" content=\"https:\/\/www.meridianillinois.com\/wp-content\/uploads\/meridian-hfs@2x.png\" \/>\n<meta name=\"twitter:card\" content=\"summary_large_image\" \/>\n<meta name=\"twitter:label1\" content=\"Tiempo de lectura\" \/>\n\t<meta name=\"twitter:data1\" content=\"2 minutos\" \/>\n<script type=\"application\/ld+json\" class=\"yoast-schema-graph\">{\"@context\":\"https:\/\/schema.org\",\"@graph\":[{\"@type\":\"WebPage\",\"@id\":\"https:\/\/www.meridianillinois.com\/es\/renovar\/para-la-comunidad\/\",\"url\":\"https:\/\/www.meridianillinois.com\/es\/renovar\/para-la-comunidad\/\",\"name\":\"Para la Comunidad | Meridian\",\"isPartOf\":{\"@id\":\"https:\/\/www.meridianillinois.com\/es\/#website\"},\"primaryImageOfPage\":{\"@id\":\"https:\/\/www.meridianillinois.com\/es\/renovar\/para-la-comunidad\/#primaryimage\"},\"image\":{\"@id\":\"https:\/\/www.meridianillinois.com\/es\/renovar\/para-la-comunidad\/#primaryimage\"},\"thumbnailUrl\":\"https:\/\/www.meridianillinois.com\/wp-content\/uploads\/meridian-hfs@2x.png\",\"datePublished\":\"2023-01-18T21:34:38+00:00\",\"dateModified\":\"2025-05-30T17:51:06+00:00\",\"description\":\"Conozca los detalles sobre la redeterminaci\u00f3n de Medicaid. Esto es lo que debe saber sobre c\u00f3mo renovar los beneficios de Medicaid en Illinois.\",\"breadcrumb\":{\"@id\":\"https:\/\/www.meridianillinois.com\/es\/renovar\/para-la-comunidad\/#breadcrumb\"},\"inLanguage\":\"es\",\"potentialAction\":[{\"@type\":\"ReadAction\",\"target\":[\"https:\/\/www.meridianillinois.com\/es\/renovar\/para-la-comunidad\/\"]}]},{\"@type\":\"ImageObject\",\"inLanguage\":\"es\",\"@id\":\"https:\/\/www.meridianillinois.com\/es\/renovar\/para-la-comunidad\/#primaryimage\",\"url\":\"https:\/\/www.meridianillinois.com\/wp-content\/uploads\/meridian-hfs@2x.png\",\"contentUrl\":\"https:\/\/www.meridianillinois.com\/wp-content\/uploads\/meridian-hfs@2x.png\"},{\"@type\":\"BreadcrumbList\",\"@id\":\"https:\/\/www.meridianillinois.com\/es\/renovar\/para-la-comunidad\/#breadcrumb\",\"itemListElement\":[{\"@type\":\"ListItem\",\"position\":1,\"name\":\"Home\",\"item\":\"https:\/\/www.meridianillinois.com\/es\/\"},{\"@type\":\"ListItem\",\"position\":2,\"name\":\"Renovaci\u00f3n de Medicaid\",\"item\":\"https:\/\/www.meridianillinois.com\/es\/\"},{\"@type\":\"ListItem\",\"position\":3,\"name\":\"Para la Comunidad\"}]},{\"@type\":\"WebSite\",\"@id\":\"https:\/\/www.meridianillinois.com\/es\/#website\",\"url\":\"https:\/\/www.meridianillinois.com\/es\/\",\"name\":\"Meridian\",\"description\":\"\",\"potentialAction\":[{\"@type\":\"SearchAction\",\"target\":{\"@type\":\"EntryPoint\",\"urlTemplate\":\"https:\/\/www.meridianillinois.com\/es\/?s={search_term_string}\"},\"query-input\":{\"@type\":\"PropertyValueSpecification\",\"valueRequired\":true,\"valueName\":\"search_term_string\"}}],\"inLanguage\":\"es\"}]}<\/script>\n<!-- \/ Yoast SEO plugin. -->","yoast_head_json":{"title":"Para la Comunidad | Meridian","description":"Conozca los detalles sobre la redeterminaci\u00f3n de Medicaid. Esto es lo que debe saber sobre c\u00f3mo renovar los beneficios de Medicaid en Illinois.","robots":{"index":"index","follow":"follow","max-snippet":"max-snippet:-1","max-image-preview":"max-image-preview:large","max-video-preview":"max-video-preview:-1"},"canonical":"https:\/\/www.meridianillinois.com\/es\/renovar\/para-la-comunidad\/","og_locale":"es_ES","og_type":"article","og_title":"Para la Comunidad | Meridian","og_description":"Conozca los detalles sobre la redeterminaci\u00f3n de Medicaid. Esto es lo que debe saber sobre c\u00f3mo renovar los beneficios de Medicaid en Illinois.","og_url":"https:\/\/www.meridianillinois.com\/es\/renovar\/para-la-comunidad\/","og_site_name":"Meridian","article_modified_time":"2025-05-30T17:51:06+00:00","og_image":[{"url":"https:\/\/www.meridianillinois.com\/wp-content\/uploads\/meridian-hfs@2x.png","type":"","width":"","height":""}],"twitter_card":"summary_large_image","twitter_misc":{"Tiempo de lectura":"2 minutos"},"schema":{"@context":"https:\/\/schema.org","@graph":[{"@type":"WebPage","@id":"https:\/\/www.meridianillinois.com\/es\/renovar\/para-la-comunidad\/","url":"https:\/\/www.meridianillinois.com\/es\/renovar\/para-la-comunidad\/","name":"Para la Comunidad | Meridian","isPartOf":{"@id":"https:\/\/www.meridianillinois.com\/es\/#website"},"primaryImageOfPage":{"@id":"https:\/\/www.meridianillinois.com\/es\/renovar\/para-la-comunidad\/#primaryimage"},"image":{"@id":"https:\/\/www.meridianillinois.com\/es\/renovar\/para-la-comunidad\/#primaryimage"},"thumbnailUrl":"https:\/\/www.meridianillinois.com\/wp-content\/uploads\/meridian-hfs@2x.png","datePublished":"2023-01-18T21:34:38+00:00","dateModified":"2025-05-30T17:51:06+00:00","description":"Conozca los detalles sobre la redeterminaci\u00f3n de Medicaid. Esto es lo que debe saber sobre c\u00f3mo renovar los beneficios de Medicaid en Illinois.","breadcrumb":{"@id":"https:\/\/www.meridianillinois.com\/es\/renovar\/para-la-comunidad\/#breadcrumb"},"inLanguage":"es","potentialAction":[{"@type":"ReadAction","target":["https:\/\/www.meridianillinois.com\/es\/renovar\/para-la-comunidad\/"]}]},{"@type":"ImageObject","inLanguage":"es","@id":"https:\/\/www.meridianillinois.com\/es\/renovar\/para-la-comunidad\/#primaryimage","url":"https:\/\/www.meridianillinois.com\/wp-content\/uploads\/meridian-hfs@2x.png","contentUrl":"https:\/\/www.meridianillinois.com\/wp-content\/uploads\/meridian-hfs@2x.png"},{"@type":"BreadcrumbList","@id":"https:\/\/www.meridianillinois.com\/es\/renovar\/para-la-comunidad\/#breadcrumb","itemListElement":[{"@type":"ListItem","position":1,"name":"Home","item":"https:\/\/www.meridianillinois.com\/es\/"},{"@type":"ListItem","position":2,"name":"Renovaci\u00f3n de Medicaid","item":"https:\/\/www.meridianillinois.com\/es\/"},{"@type":"ListItem","position":3,"name":"Para la Comunidad"}]},{"@type":"WebSite","@id":"https:\/\/www.meridianillinois.com\/es\/#website","url":"https:\/\/www.meridianillinois.com\/es\/","name":"Meridian","description":"","potentialAction":[{"@type":"SearchAction","target":{"@type":"EntryPoint","urlTemplate":"https:\/\/www.meridianillinois.com\/es\/?s={search_term_string}"},"query-input":{"@type":"PropertyValueSpecification","valueRequired":true,"valueName":"search_term_string"}}],"inLanguage":"es"}]}},"acf":[],"_links":{"self":[{"href":"https:\/\/www.meridianillinois.com\/es\/wp-json\/wp\/v2\/pages\/769","targetHints":{"allow":["GET"]}}],"collection":[{"href":"https:\/\/www.meridianillinois.com\/es\/wp-json\/wp\/v2\/pages"}],"about":[{"href":"https:\/\/www.meridianillinois.com\/es\/wp-json\/wp\/v2\/types\/page"}],"author":[{"embeddable":true,"href":"https:\/\/www.meridianillinois.com\/es\/wp-json\/wp\/v2\/users\/1"}],"replies":[{"embeddable":true,"href":"https:\/\/www.meridianillinois.com\/es\/wp-json\/wp\/v2\/comments?post=769"}],"version-history":[{"count":14,"href":"https:\/\/www.meridianillinois.com\/es\/wp-json\/wp\/v2\/pages\/769\/revisions"}],"predecessor-version":[{"id":1900,"href":"https:\/\/www.meridianillinois.com\/es\/wp-json\/wp\/v2\/pages\/769\/revisions\/1900"}],"up":[{"embeddable":true,"href":"https:\/\/www.meridianillinois.com\/es\/wp-json\/wp\/v2\/pages\/33"}],"wp:attachment":[{"href":"https:\/\/www.meridianillinois.com\/es\/wp-json\/wp\/v2\/media?parent=769"}],"curies":[{"name":"wp","href":"https:\/\/api.w.org\/{rel}","templated":true}]}}