{"id":767,"date":"2023-01-18T15:34:20","date_gmt":"2023-01-18T21:34:20","guid":{"rendered":"https:\/\/www.meridianillinois.com\/renovacion-de-medicaid\/proveedores\/"},"modified":"2025-09-02T13:00:33","modified_gmt":"2025-09-02T18:00:33","slug":"para-proveedores","status":"publish","type":"page","link":"https:\/\/www.meridianillinois.com\/es\/renovar\/para-proveedores\/","title":{"rendered":"Para Proveedores"},"content":{"rendered":"\n<div class=\"wp-block-group meridian-hero-tertiary has-global-padding is-layout-constrained wp-block-group-is-layout-constrained\">\n<p>estamos aqu\u00ed para ayudar a sus pacientes a<br \/><strong><em>renovar<\/em><\/strong><br \/>su cobertura de Medicaid.<\/p>\n<\/div>\n\n\n\n<div class=\"wp-block-columns pd-section pd-rule-bottom is-layout-flex wp-container-core-columns-is-layout-1 wp-block-columns-is-layout-flex\">\n<div class=\"wp-block-column col-md-12 col-lg-9 is-layout-flow wp-block-column-is-layout-flow\">\n<p class=\"mb-4\"><strong>Para Proveedores<\/strong><\/p>\n\n\n\n<h2 class=\"wp-block-heading\">Obtenga de Meridian el apoyo para la redeterminaci\u00f3n <br \/>que su consultorio necesite.<\/h2>\n\n\n\n<p class=\"mb-0\">Los proveedores pueden desempe\u00f1ar una funci\u00f3n crucial a la hora de ayudar a los pacientes a conservar su cobertura de Medicaid. Estamos aqu\u00ed para asegurarnos de que tenga todo lo que necesita para evitar que sus pacientes pierdan la cobertura de manera innecesaria.&nbsp;<\/p>\n<\/div>\n<\/div>\n\n\n\n<div class=\"wp-block-columns pd-section pb-0 is-layout-flex wp-container-core-columns-is-layout-2 wp-block-columns-is-layout-flex\">\n<div class=\"wp-block-column col-md-12 col-lg-10 is-layout-flow wp-block-column-is-layout-flow\">\n<h3 class=\"wp-block-heading\">\u00bfQu\u00e9 es la redeterminaci\u00f3n?<\/h3>\n\n\n\n<p class=\"mb-4x\">Cada a\u00f1o, el Departamento de Atenci\u00f3n M\u00e9dica y Servicios para Familias (HFS) de Illinois cumple una revisi\u00f3n de las finanzas y la situaci\u00f3n familiar de todos los beneficiarios de Medicaid. Esta revisi\u00f3n, llamada redeterminaci\u00f3n, tiene como finalidad garantizar que los beneficiarios sigan calificando para recibir cobertura de atenci\u00f3n m\u00e9dica a trav\u00e9s de Medicaid.<\/p>\n\n\n\n<div class=\"wp-block-buttons is-layout-flex wp-block-buttons-is-layout-flex\">\n<div class=\"wp-block-button is-style-outline pd-ext-link is-style-outline--1\"><a class=\"wp-block-button__link wp-element-button\" href=\"https:\/\/hfs.illinois.gov\/medicalclients\/addresschange.html\" target=\"_blank\" rel=\"noreferrer noopener\">conozca m\u00e1s<\/a><\/div>\n<\/div>\n<\/div>\n<\/div>\n\n\n\n<div class=\"wp-block-columns pd-section is-layout-flex wp-container-core-columns-is-layout-4 wp-block-columns-is-layout-flex\">\n<div class=\"wp-block-column col-md-12 col-lg-4 is-layout-flow wp-block-column-is-layout-flow\" style=\"flex-basis:33.33%\">\n<h3 class=\"wp-block-heading\">C\u00f3mo podemos ayudar<\/h3>\n\n\n\n<p>Sus pacientes podr\u00edan tener dudas sobre la redeterminaci\u00f3n o necesitar apoyo adicional para completar el proceso. Estamos aqu\u00ed para ayudar:&nbsp;<\/p>\n<\/div>\n\n\n\n<div class=\"wp-block-column col-md-12 col-lg-8 is-layout-flow wp-block-column-is-layout-flow\" style=\"flex-basis:66.66%\">\n<div class=\"wp-block-columns is-layout-flex wp-container-core-columns-is-layout-3 wp-block-columns-is-layout-flex\">\n<div class=\"wp-block-column is-layout-flow wp-block-column-is-layout-flow\">\n<div id=\"pd-block_cea9c6a9c7730715c1290574f9f2e524\" class=\"wp-block-icon-bullets pd-icon-bullets tertiary-bullets\">\n            <div class=\"pd-icon-bullet\">\n        <img decoding=\"async\" width=\"126\" height=\"126\" src=\"https:\/\/www.meridianillinois.com\/wp-content\/uploads\/Meridian_Icon_Guide.png\" class=\"attachment-thumbnail size-thumbnail\" alt=\"Icon of a piece of paper or guide.\" \/>        <div>\n          <h5>Gu\u00eda en l\u00ednea<\/h5>\n<p>Este sitio ofrece una gu\u00eda paso a paso para completar el proceso de redeterminaci\u00f3n, y se puede compartir con sus pacientes.<\/p>\n<p><a class=\"btn btn-outline-primary\" href=\"https:\/\/www.meridianillinois.com\/es\/renovar\/como_renovar\/\">ir a la gu\u00eda<\/a><\/p>\n        <\/div>\n      <\/div>\n          <div class=\"pd-icon-bullet\">\n        <img decoding=\"async\" width=\"126\" height=\"126\" src=\"https:\/\/www.meridianillinois.com\/wp-content\/uploads\/Meridian_Icon_Primary_MemberServices-2.png\" class=\"attachment-thumbnail size-thumbnail\" alt=\"Icon of a phone headset.\" \/>        <div>\n          <h5>Servicios para Miembros<\/h5>\n<p>Los miembros de Meridian pueden llamar a Servicios para Miembros si tienen dudas sobre la redeterminaci\u00f3n.<\/p>\n<p><a href=\"tel:+18666063700\">866-606-3700<\/a> (TTY: <a href=\"tel:711\">711<\/a>)<\/p>\n<p>de lunes a viernes<br \/>\n8:00 a.m. a 5:00 p.m.<\/p>\n        <\/div>\n      <\/div>\n          <div class=\"pd-icon-bullet\">\n        <img decoding=\"async\" width=\"126\" height=\"126\" src=\"https:\/\/www.meridianillinois.com\/wp-content\/uploads\/Meridian_Icon_Primary_CareCoordination-3.png\" class=\"attachment-thumbnail size-thumbnail\" alt=\"Icon of a hand holding the outline of people.\" \/>        <div>\n          <h5>Coordinadores de atenci\u00f3n<\/h5>\n<p>Nuestros miembros tambi\u00e9n pueden llamar a sus Coordinadores del cuidado de Meridian. Nuestros Coordinadores del cuidado trabajan de forma individual con los miembros para ayudarlos a administrar su atenci\u00f3n, lo que incluye orientarlos con la redeterminaci\u00f3n.<\/p>\n        <\/div>\n      <\/div>\n          <div class=\"pd-icon-bullet\">\n        <img decoding=\"async\" width=\"126\" height=\"126\" src=\"https:\/\/www.meridianillinois.com\/wp-content\/uploads\/Meridian_Icon_Primary_Form-Medical-1.png\" class=\"attachment-thumbnail size-thumbnail\" alt=\"\" \/>        <div>\n          <h5>Servicios de proveedores<\/h5>\n<p>Obtenga el apoyo que necesita todos los d\u00edas. <a href=\"https:\/\/www.ilmeridian.com\/providers.html\" target=\"_blank\" rel=\"nofollow noopener ugc\">Acceda a todos los recursos de Meridian para proveedores<\/a>.<\/p>\n        <\/div>\n      <\/div>\n      <\/div><\/div>\n<\/div>\n<\/div>\n<\/div>\n\n\n\n<div class=\"wp-block-group alignwide mx-0 pd-section pb-0 has-global-padding is-layout-constrained wp-block-group-is-layout-constrained\">\n<div class=\"wp-block-columns py-4x py-md-5 px-md-8 mb-md-8 bg-lighter d-flex align-items-center is-layout-flex wp-container-core-columns-is-layout-5 wp-block-columns-is-layout-flex\">\n<div class=\"wp-block-column order-md-2 col-md-4 is-layout-flow wp-block-column-is-layout-flow\" style=\"flex-basis:33.33%\">\n<figure class=\"wp-block-image size-full\"><img decoding=\"async\" width=\"600\" height=\"600\" src=\"https:\/\/www.meridianillinois.com\/wp-content\/uploads\/Meridian_Icon_Provider_Newsletter.png\" alt=\"\" class=\"wp-image-1324\" srcset=\"https:\/\/www.meridianillinois.com\/wp-content\/uploads\/Meridian_Icon_Provider_Newsletter.png 600w, https:\/\/www.meridianillinois.com\/wp-content\/uploads\/Meridian_Icon_Provider_Newsletter-320x320.png 320w\" sizes=\"(max-width: 600px) 100vw, 600px\" \/><\/figure>\n<\/div>\n\n\n\n<div class=\"wp-block-column col-md-8 is-layout-flow wp-block-column-is-layout-flow\" style=\"flex-basis:66.66%\">\n<h3 class=\"wp-block-heading\">Inscripci\u00f3n para el Bolet\u00edn Informativo para Proveedores<\/h3>\n\n\n\n<p class=\"mb-4x\">Mant\u00e9ngase al d\u00eda con nuestro bolet\u00edn informativo electr\u00f3nico.<\/p>\n\n\n\n<div class=\"wp-block-buttons is-layout-flex wp-block-buttons-is-layout-flex\">\n<div class=\"wp-block-button\"><a class=\"wp-block-button__link wp-element-button\" href=\"https:\/\/cloud.info.ilmeridian.com\/provider-subscribe\" target=\"_blank\" rel=\"noreferrer noopener\">inscribirse<\/a><\/div>\n<\/div>\n<\/div>\n<\/div>\n<\/div>\n\n\n\n<div class=\"wp-block-columns meridian-cta-contact is-layout-flex wp-container-core-columns-is-layout-6 wp-block-columns-is-layout-flex\">\n<div class=\"wp-block-column is-layout-flow wp-block-column-is-layout-flow\">\n<h3 class=\"wp-block-heading\">\u00bfPreguntas? Comun\u00edquese con nosotros.<\/h3>\n\n\n\n<p class=\"lead\">Llame a Servicios para Proveedores al <a href=\"tel:8666063700\">866-606-3700<\/a> si tiene alguna pregunta o si usted o sus pacientes necesitan alg\u00fan apoyo adicional.<\/p>\n\n\n\n<p class=\"lead\"><strong>Servicios de proveedores<\/strong><br \/><a href=\"tel:+18666063700\">866-606-3700<\/a> (TTY: <a href=\"tel:711\">711<\/a>)<\/p>\n\n\n\n<p class=\"lead\">de lunes a viernes<br \/>8:00 a.m. a 5:00 p.m.<\/p>\n<\/div>\n\n\n\n<div class=\"wp-block-column is-layout-flow wp-block-column-is-layout-flow\">\n<figure class=\"wp-block-image size-large pd-parallax-bg-cta\"><img decoding=\"async\" width=\"1536\" height=\"1005\" src=\"https:\/\/www.meridianillinois.com\/wp-content\/uploads\/\/meridian-providers-cta-1-1536x1005.png\" alt=\"\" class=\"wp-image-179\" srcset=\"https:\/\/www.meridianillinois.com\/wp-content\/uploads\/meridian-providers-cta-1-1536x1005.png 1536w, https:\/\/www.meridianillinois.com\/wp-content\/uploads\/meridian-providers-cta-1-960x628.png 960w, https:\/\/www.meridianillinois.com\/wp-content\/uploads\/meridian-providers-cta-1-640x419.png 640w, https:\/\/www.meridianillinois.com\/wp-content\/uploads\/meridian-providers-cta-1-768x502.png 768w, https:\/\/www.meridianillinois.com\/wp-content\/uploads\/meridian-providers-cta-1-320x209.png 320w, https:\/\/www.meridianillinois.com\/wp-content\/uploads\/meridian-providers-cta-1.png 2024w\" sizes=\"(max-width: 1536px) 100vw, 1536px\" \/><\/figure>\n<\/div>\n<\/div>\n","protected":false},"excerpt":{"rendered":"<p>estamos aqu\u00ed para ayudar a sus pacientes arenovarsu cobertura de Medicaid. Para Proveedores Obtenga de Meridian el apoyo para la redeterminaci\u00f3n que su consultorio necesite. Los proveedores pueden desempe\u00f1ar una funci\u00f3n crucial a la hora de ayudar a los pacientes a conservar su cobertura de Medicaid. Estamos aqu\u00ed para asegurarnos de que tenga todo lo [&hellip;]<\/p>\n","protected":false},"author":1,"featured_media":0,"parent":33,"menu_order":0,"comment_status":"closed","ping_status":"closed","template":"","meta":{"_acf_changed":false,"footnotes":""},"class_list":["post-767","page","type-page","status-publish","hentry"],"yoast_head":"<!-- This site is optimized with the Yoast SEO plugin v24.0 - https:\/\/yoast.com\/wordpress\/plugins\/seo\/ -->\n<title>Para Proveedores | Meridian<\/title>\n<meta name=\"description\" content=\"Cada a\u00f1o, sus pacientes deben completar una redeterminaci\u00f3n para conservar su cobertura. Estamos aqu\u00ed para apoyar a los miembros y a los proveedores en este proceso.\" \/>\n<meta name=\"robots\" content=\"index, follow, max-snippet:-1, max-image-preview:large, max-video-preview:-1\" \/>\n<link rel=\"canonical\" href=\"https:\/\/www.meridianillinois.com\/es\/renovar\/para-proveedores\/\" \/>\n<meta property=\"og:locale\" content=\"es_ES\" \/>\n<meta property=\"og:type\" content=\"article\" \/>\n<meta property=\"og:title\" content=\"Para Proveedores | Meridian\" \/>\n<meta property=\"og:description\" content=\"Cada a\u00f1o, sus pacientes deben completar una redeterminaci\u00f3n para conservar su cobertura. Estamos aqu\u00ed para apoyar a los miembros y a los proveedores en este proceso.\" \/>\n<meta property=\"og:url\" content=\"https:\/\/www.meridianillinois.com\/es\/renovar\/para-proveedores\/\" \/>\n<meta property=\"og:site_name\" content=\"Meridian\" \/>\n<meta property=\"article:modified_time\" content=\"2025-09-02T18:00:33+00:00\" \/>\n<meta property=\"og:image\" content=\"https:\/\/www.meridianillinois.com\/wp-content\/uploads\/Meridian_Icon_Provider_Newsletter.png\" \/>\n<meta name=\"twitter:card\" content=\"summary_large_image\" \/>\n<meta name=\"twitter:label1\" content=\"Tiempo de lectura\" \/>\n\t<meta name=\"twitter:data1\" content=\"2 minutos\" \/>\n<script type=\"application\/ld+json\" class=\"yoast-schema-graph\">{\"@context\":\"https:\/\/schema.org\",\"@graph\":[{\"@type\":\"WebPage\",\"@id\":\"https:\/\/www.meridianillinois.com\/es\/renovar\/para-proveedores\/\",\"url\":\"https:\/\/www.meridianillinois.com\/es\/renovar\/para-proveedores\/\",\"name\":\"Para Proveedores | Meridian\",\"isPartOf\":{\"@id\":\"https:\/\/www.meridianillinois.com\/es\/#website\"},\"primaryImageOfPage\":{\"@id\":\"https:\/\/www.meridianillinois.com\/es\/renovar\/para-proveedores\/#primaryimage\"},\"image\":{\"@id\":\"https:\/\/www.meridianillinois.com\/es\/renovar\/para-proveedores\/#primaryimage\"},\"thumbnailUrl\":\"https:\/\/www.meridianillinois.com\/wp-content\/uploads\/Meridian_Icon_Provider_Newsletter.png\",\"datePublished\":\"2023-01-18T21:34:20+00:00\",\"dateModified\":\"2025-09-02T18:00:33+00:00\",\"description\":\"Cada a\u00f1o, sus pacientes deben completar una redeterminaci\u00f3n para conservar su cobertura. Estamos aqu\u00ed para apoyar a los miembros y a los proveedores en este proceso.\",\"breadcrumb\":{\"@id\":\"https:\/\/www.meridianillinois.com\/es\/renovar\/para-proveedores\/#breadcrumb\"},\"inLanguage\":\"es\",\"potentialAction\":[{\"@type\":\"ReadAction\",\"target\":[\"https:\/\/www.meridianillinois.com\/es\/renovar\/para-proveedores\/\"]}]},{\"@type\":\"ImageObject\",\"inLanguage\":\"es\",\"@id\":\"https:\/\/www.meridianillinois.com\/es\/renovar\/para-proveedores\/#primaryimage\",\"url\":\"https:\/\/www.meridianillinois.com\/wp-content\/uploads\/Meridian_Icon_Provider_Newsletter.png\",\"contentUrl\":\"https:\/\/www.meridianillinois.com\/wp-content\/uploads\/Meridian_Icon_Provider_Newsletter.png\"},{\"@type\":\"BreadcrumbList\",\"@id\":\"https:\/\/www.meridianillinois.com\/es\/renovar\/para-proveedores\/#breadcrumb\",\"itemListElement\":[{\"@type\":\"ListItem\",\"position\":1,\"name\":\"Home\",\"item\":\"https:\/\/www.meridianillinois.com\/es\/\"},{\"@type\":\"ListItem\",\"position\":2,\"name\":\"Renovaci\u00f3n de Medicaid\",\"item\":\"https:\/\/www.meridianillinois.com\/es\/\"},{\"@type\":\"ListItem\",\"position\":3,\"name\":\"Para Proveedores\"}]},{\"@type\":\"WebSite\",\"@id\":\"https:\/\/www.meridianillinois.com\/es\/#website\",\"url\":\"https:\/\/www.meridianillinois.com\/es\/\",\"name\":\"Meridian\",\"description\":\"\",\"potentialAction\":[{\"@type\":\"SearchAction\",\"target\":{\"@type\":\"EntryPoint\",\"urlTemplate\":\"https:\/\/www.meridianillinois.com\/es\/?s={search_term_string}\"},\"query-input\":{\"@type\":\"PropertyValueSpecification\",\"valueRequired\":true,\"valueName\":\"search_term_string\"}}],\"inLanguage\":\"es\"}]}<\/script>\n<!-- \/ Yoast SEO plugin. -->","yoast_head_json":{"title":"Para Proveedores | Meridian","description":"Cada a\u00f1o, sus pacientes deben completar una redeterminaci\u00f3n para conservar su cobertura. Estamos aqu\u00ed para apoyar a los miembros y a los proveedores en este proceso.","robots":{"index":"index","follow":"follow","max-snippet":"max-snippet:-1","max-image-preview":"max-image-preview:large","max-video-preview":"max-video-preview:-1"},"canonical":"https:\/\/www.meridianillinois.com\/es\/renovar\/para-proveedores\/","og_locale":"es_ES","og_type":"article","og_title":"Para Proveedores | Meridian","og_description":"Cada a\u00f1o, sus pacientes deben completar una redeterminaci\u00f3n para conservar su cobertura. Estamos aqu\u00ed para apoyar a los miembros y a los proveedores en este proceso.","og_url":"https:\/\/www.meridianillinois.com\/es\/renovar\/para-proveedores\/","og_site_name":"Meridian","article_modified_time":"2025-09-02T18:00:33+00:00","og_image":[{"url":"https:\/\/www.meridianillinois.com\/wp-content\/uploads\/Meridian_Icon_Provider_Newsletter.png","type":"","width":"","height":""}],"twitter_card":"summary_large_image","twitter_misc":{"Tiempo de lectura":"2 minutos"},"schema":{"@context":"https:\/\/schema.org","@graph":[{"@type":"WebPage","@id":"https:\/\/www.meridianillinois.com\/es\/renovar\/para-proveedores\/","url":"https:\/\/www.meridianillinois.com\/es\/renovar\/para-proveedores\/","name":"Para Proveedores | Meridian","isPartOf":{"@id":"https:\/\/www.meridianillinois.com\/es\/#website"},"primaryImageOfPage":{"@id":"https:\/\/www.meridianillinois.com\/es\/renovar\/para-proveedores\/#primaryimage"},"image":{"@id":"https:\/\/www.meridianillinois.com\/es\/renovar\/para-proveedores\/#primaryimage"},"thumbnailUrl":"https:\/\/www.meridianillinois.com\/wp-content\/uploads\/Meridian_Icon_Provider_Newsletter.png","datePublished":"2023-01-18T21:34:20+00:00","dateModified":"2025-09-02T18:00:33+00:00","description":"Cada a\u00f1o, sus pacientes deben completar una redeterminaci\u00f3n para conservar su cobertura. Estamos aqu\u00ed para apoyar a los miembros y a los proveedores en este proceso.","breadcrumb":{"@id":"https:\/\/www.meridianillinois.com\/es\/renovar\/para-proveedores\/#breadcrumb"},"inLanguage":"es","potentialAction":[{"@type":"ReadAction","target":["https:\/\/www.meridianillinois.com\/es\/renovar\/para-proveedores\/"]}]},{"@type":"ImageObject","inLanguage":"es","@id":"https:\/\/www.meridianillinois.com\/es\/renovar\/para-proveedores\/#primaryimage","url":"https:\/\/www.meridianillinois.com\/wp-content\/uploads\/Meridian_Icon_Provider_Newsletter.png","contentUrl":"https:\/\/www.meridianillinois.com\/wp-content\/uploads\/Meridian_Icon_Provider_Newsletter.png"},{"@type":"BreadcrumbList","@id":"https:\/\/www.meridianillinois.com\/es\/renovar\/para-proveedores\/#breadcrumb","itemListElement":[{"@type":"ListItem","position":1,"name":"Home","item":"https:\/\/www.meridianillinois.com\/es\/"},{"@type":"ListItem","position":2,"name":"Renovaci\u00f3n de Medicaid","item":"https:\/\/www.meridianillinois.com\/es\/"},{"@type":"ListItem","position":3,"name":"Para Proveedores"}]},{"@type":"WebSite","@id":"https:\/\/www.meridianillinois.com\/es\/#website","url":"https:\/\/www.meridianillinois.com\/es\/","name":"Meridian","description":"","potentialAction":[{"@type":"SearchAction","target":{"@type":"EntryPoint","urlTemplate":"https:\/\/www.meridianillinois.com\/es\/?s={search_term_string}"},"query-input":{"@type":"PropertyValueSpecification","valueRequired":true,"valueName":"search_term_string"}}],"inLanguage":"es"}]}},"acf":[],"_links":{"self":[{"href":"https:\/\/www.meridianillinois.com\/es\/wp-json\/wp\/v2\/pages\/767","targetHints":{"allow":["GET"]}}],"collection":[{"href":"https:\/\/www.meridianillinois.com\/es\/wp-json\/wp\/v2\/pages"}],"about":[{"href":"https:\/\/www.meridianillinois.com\/es\/wp-json\/wp\/v2\/types\/page"}],"author":[{"embeddable":true,"href":"https:\/\/www.meridianillinois.com\/es\/wp-json\/wp\/v2\/users\/1"}],"replies":[{"embeddable":true,"href":"https:\/\/www.meridianillinois.com\/es\/wp-json\/wp\/v2\/comments?post=767"}],"version-history":[{"count":43,"href":"https:\/\/www.meridianillinois.com\/es\/wp-json\/wp\/v2\/pages\/767\/revisions"}],"predecessor-version":[{"id":1921,"href":"https:\/\/www.meridianillinois.com\/es\/wp-json\/wp\/v2\/pages\/767\/revisions\/1921"}],"up":[{"embeddable":true,"href":"https:\/\/www.meridianillinois.com\/es\/wp-json\/wp\/v2\/pages\/33"}],"wp:attachment":[{"href":"https:\/\/www.meridianillinois.com\/es\/wp-json\/wp\/v2\/media?parent=767"}],"curies":[{"name":"wp","href":"https:\/\/api.w.org\/{rel}","templated":true}]}}