{"id":765,"date":"2023-01-18T15:29:02","date_gmt":"2023-01-18T21:29:02","guid":{"rendered":"https:\/\/www.meridianillinois.com\/renovacion-de-medicaid\/explorar\/"},"modified":"2026-02-05T16:34:05","modified_gmt":"2026-02-05T22:34:05","slug":"conectarse-con-otros-planes","status":"publish","type":"page","link":"https:\/\/www.meridianillinois.com\/es\/renovar\/conectarse-con-otros-planes\/","title":{"rendered":"Conectarse con Otros Planes"},"content":{"rendered":"\n<div class=\"wp-block-columns alignfull meridian-hero-secondary is-layout-flex wp-container-core-columns-is-layout-1 wp-block-columns-is-layout-flex\">\n<div class=\"wp-block-column pd-sec-heading order-lg-2 is-layout-flow wp-block-column-is-layout-flow\">\n<p>c\u00f3mo conectarse con<br \/><strong><em>cobertura<\/em><\/strong><\/p>\n<\/div>\n\n\n\n<div class=\"wp-block-column pd-sec-img is-layout-flow wp-block-column-is-layout-flow\">\n<figure class=\"wp-block-image size-full pd-parallax-bg\"><img decoding=\"async\" width=\"1536\" height=\"1024\" src=\"https:\/\/www.meridianillinois.com\/wp-content\/uploads\/GettyImages-1412894704-edit1-1.jpg\" alt=\"\" class=\"wp-image-1715\" srcset=\"https:\/\/www.meridianillinois.com\/wp-content\/uploads\/GettyImages-1412894704-edit1-1.jpg 1536w, https:\/\/www.meridianillinois.com\/wp-content\/uploads\/GettyImages-1412894704-edit1-1-960x640.jpg 960w, https:\/\/www.meridianillinois.com\/wp-content\/uploads\/GettyImages-1412894704-edit1-1-640x427.jpg 640w, https:\/\/www.meridianillinois.com\/wp-content\/uploads\/GettyImages-1412894704-edit1-1-768x512.jpg 768w, https:\/\/www.meridianillinois.com\/wp-content\/uploads\/GettyImages-1412894704-edit1-1-320x213.jpg 320w\" sizes=\"(max-width: 1536px) 100vw, 1536px\" \/><\/figure>\n<\/div>\n<\/div>\n\n\n\n<div class=\"wp-block-columns pd-section pd-rule-bottom is-layout-flex wp-container-core-columns-is-layout-2 wp-block-columns-is-layout-flex\">\n<div class=\"wp-block-column col-md-12 col-lg-8 is-layout-flow wp-block-column-is-layout-flow\">\n<h2 class=\"wp-block-heading\">\u00bfYa no califica para Medicaid? Tiene opciones.<\/h2>\n<\/div>\n\n\n\n<div class=\"wp-block-column col-md-12 col-lg-4 is-layout-flow wp-block-column-is-layout-flow\">\n<p class=\"lead\">Consulte los planes econ\u00f3micos y encuentre la cobertura adecuada para usted.<em>&nbsp;<\/em><\/p>\n<\/div>\n<\/div>\n\n\n\n<div class=\"wp-block-columns pd-section is-layout-flex wp-container-core-columns-is-layout-3 wp-block-columns-is-layout-flex\">\n<div class=\"wp-block-column col-md-12 col-lg-10 is-layout-flow wp-block-column-is-layout-flow\">\n<h3 class=\"wp-block-heading\">C\u00f3mo conectarse con otro plan de salud<\/h3>\n\n\n\n<p>Si ya no es elegible para Medicaid, es importante obtener r\u00e1pidamente otro seguro de salud. Por lo general, cuenta con entre 30 a 60\u202fd\u00edas para inscribirse en un plan nuevo. Este per\u00edodo se llama \u201cPer\u00edodo de inscripci\u00f3n especial.\u201d Consulte por seguros de salud en su trabajo o visite el Mercado de la Ley de Atenci\u00f3n Asequible oficial de Illinois en<a href=\"http:\/\/getcovered.illinois.gov\/\" target=\"_blank\" rel=\"noreferrer noopener\"><\/a> <a href=\"http:\/\/getcovered.illinois.gov\/\" target=\"_blank\" rel=\"noreferrer noopener\">GetCoveredIllinois.gov<\/a>. Puede obtener ayuda sin costo para inscribirse en un plan que se adapte a sus necesidades. Hay disponible ayuda financiera. <a href=\"https:\/\/www.cuidadodesalud.gov\/es\/lower-costs\/\" target=\"_blank\" rel=\"noreferrer noopener\">Vea si califica para un cr\u00e9dito de sus impuestos.<\/a><\/p>\n<\/div>\n<\/div>\n\n\n\n<div class=\"wp-block-columns pd-section py-0 meridian-connect is-layout-flex wp-container-core-columns-is-layout-4 wp-block-columns-is-layout-flex\">\n<div class=\"wp-block-column col-md-5 is-layout-flow wp-block-column-is-layout-flow\">\n<figure class=\"wp-block-image size-full pd-circle-img\"><img decoding=\"async\" width=\"640\" height=\"640\" src=\"https:\/\/www.meridianillinois.com\/wp-content\/uploads\/GettyImages-1585633969-edit-1.jpg\" alt=\"\" class=\"wp-image-1666\" srcset=\"https:\/\/www.meridianillinois.com\/wp-content\/uploads\/GettyImages-1585633969-edit-1.jpg 640w, https:\/\/www.meridianillinois.com\/wp-content\/uploads\/GettyImages-1585633969-edit-1-320x320.jpg 320w, https:\/\/www.meridianillinois.com\/wp-content\/uploads\/GettyImages-1585633969-edit-1-300x300.jpg 300w, https:\/\/www.meridianillinois.com\/wp-content\/uploads\/GettyImages-1585633969-edit-1-400x400.jpg 400w, https:\/\/www.meridianillinois.com\/wp-content\/uploads\/GettyImages-1585633969-edit-1-600x600.jpg 600w\" sizes=\"(max-width: 640px) 100vw, 640px\" \/><\/figure>\n<\/div>\n\n\n\n<div class=\"wp-block-column col-md-7 is-layout-flow wp-block-column-is-layout-flow\">\n<p><strong>Si ya no es elegible para Medicaid<\/strong><\/p>\n\n\n\n<h4 class=\"wp-block-heading meridian-magenta\">Obtenga seguro de salud asequible con Ambetter of Illinois.<\/h4>\n\n\n\n<p class=\"mb-4x\">Ambetter of Illinois (Ambetter) ofrece planes de salud familiares e individuales. Cada plan lo conecta con una atenci\u00f3n de alta calidad; hasta es posible que le permitan seguir atendi\u00e9ndose con sus proveedores preferidos.<\/p>\n\n\n\n<div class=\"wp-block-buttons is-layout-flex wp-block-buttons-is-layout-flex\">\n<div class=\"wp-block-button is-style-outline meridian-magenta is-style-outline--1\"><a class=\"wp-block-button__link wp-element-button\" href=\"https:\/\/www.ambetterhealth.com\/es\/il\/join-ambetter\/become-a-member\/how-to-enroll\/\" target=\"_blank\" rel=\"noreferrer noopener\">buscar planes de Ambetter<\/a><\/div>\n<\/div>\n\n\n\n<p class=\"mt-3\">O llame al <a href=\"tel:+1-8557455507\">1-855-745-5507<\/a> (TTY: <a href=\"tel:+11-8445173431\">1-844-517-3431<\/a>)<\/p>\n\n\n\n<p class=\"mt-4\">Ambetter est\u00e1 disponible en condados selectos en Illinois. <a href=\"https:\/\/www.ambetterhealth.com\/es\/il\/for-brokers\/coverage-area-map\/\" target=\"_blank\" rel=\"noreferrer noopener\">Consulte si est\u00e1 disponible en su condado<\/a>. Si no es as\u00ed, puede elegir otro plan del Mercado. Consulte las opciones que tiene en <a href=\"https:\/\/getcovered.illinois.gov\/\" target=\"_blank\" rel=\"noreferrer noopener\">GetCoveredIllinois.gov<\/a>.<\/p>\n<\/div>\n<\/div>\n\n\n\n<div class=\"wp-block-columns pd-section meridian-connect is-layout-flex wp-container-core-columns-is-layout-5 wp-block-columns-is-layout-flex\">\n<div class=\"wp-block-column order-md-2 col-md-5 is-layout-flow wp-block-column-is-layout-flow\">\n<figure class=\"wp-block-image size-full pd-circle-img\"><img decoding=\"async\" width=\"640\" height=\"640\" src=\"https:\/\/www.meridianillinois.com\/wp-content\/uploads\/GettyImages-1614473691-edit-1.jpg\" alt=\"\" class=\"wp-image-1662\" srcset=\"https:\/\/www.meridianillinois.com\/wp-content\/uploads\/GettyImages-1614473691-edit-1.jpg 640w, https:\/\/www.meridianillinois.com\/wp-content\/uploads\/GettyImages-1614473691-edit-1-320x320.jpg 320w, https:\/\/www.meridianillinois.com\/wp-content\/uploads\/GettyImages-1614473691-edit-1-300x300.jpg 300w, https:\/\/www.meridianillinois.com\/wp-content\/uploads\/GettyImages-1614473691-edit-1-400x400.jpg 400w, https:\/\/www.meridianillinois.com\/wp-content\/uploads\/GettyImages-1614473691-edit-1-600x600.jpg 600w\" sizes=\"(max-width: 640px) 100vw, 640px\" \/><\/figure>\n<\/div>\n\n\n\n<div class=\"wp-block-column col-md-7 is-layout-flow wp-block-column-is-layout-flow\">\n<h4 class=\"wp-block-heading meridian-teal\">Busque un plan de bajo costo de Medicare a trav\u00e9s de Wellcare.<\/h4>\n\n\n\n<p class=\"mb-4x\">\u00bfEs elegible para Medicare? Wellcare ofrece una variedad de planes de Medicare, por lo general, disponibles para personas mayores de 65\u202fa\u00f1os. Los planes de Wellcare incluyen Medicare Advantage y planes de medicamentos recetados. Con Wellcare, obtiene primas mensuales bajas y beneficios y apoyo adicionales para que pueda obtener la atenci\u00f3n que necesita.&nbsp;<\/p>\n\n\n\n<div class=\"wp-block-buttons is-layout-flex wp-block-buttons-is-layout-flex\">\n<div class=\"wp-block-button is-style-outline meridian-teal is-style-outline--2\"><a class=\"wp-block-button__link wp-element-button\" href=\"https:\/\/es-mx.wellcare.com\/\" target=\"_blank\" rel=\"noreferrer noopener\">buscar un plan de Wellcare<\/a><\/div>\n<\/div>\n\n\n\n<p class=\"mt-3\">O llame al <a href=\"tel:+1-8665270056\">1-866-527-0056<\/a> (TTY: <a href=\"tel:711\">711<\/a>)<\/p>\n<\/div>\n<\/div>\n\n\n\n<div class=\"wp-block-columns meridian-cta-contact is-layout-flex wp-container-core-columns-is-layout-6 wp-block-columns-is-layout-flex\">\n<div class=\"wp-block-column is-layout-flow wp-block-column-is-layout-flow\">\n<h3 class=\"wp-block-heading\">\u00bfPreguntas? Comun\u00edquese con nosotros.<\/h3>\n\n\n\n<p class=\"lead\">Ll\u00e1menos si tiene preguntas sobre la renovaci\u00f3n de Medicaid.<\/p>\n\n\n\n<p class=\"lead\"><strong>Servicios para Miembros de Meridian<\/strong><br \/><a href=\"tel:+18666063700\">866-606-3700<\/a> (TTY: <a href=\"tel:711\">711<\/a>)<\/p>\n\n\n\n<p class=\"lead\">de lunes a viernes<br \/>8:00 a.m. a 5:00 p.m.<\/p>\n<\/div>\n\n\n\n<div class=\"wp-block-column is-layout-flow wp-block-column-is-layout-flow\">\n<figure class=\"wp-block-image size-full pd-parallax-bg-cta\"><img decoding=\"async\" width=\"1506\" height=\"1239\" src=\"https:\/\/www.meridianillinois.com\/wp-content\/uploads\/meridian-cta.jpg\" alt=\"\" class=\"wp-image-488\" srcset=\"https:\/\/www.meridianillinois.com\/wp-content\/uploads\/meridian-cta.jpg 1506w, https:\/\/www.meridianillinois.com\/wp-content\/uploads\/meridian-cta-960x790.jpg 960w, https:\/\/www.meridianillinois.com\/wp-content\/uploads\/meridian-cta-640x527.jpg 640w, https:\/\/www.meridianillinois.com\/wp-content\/uploads\/meridian-cta-768x632.jpg 768w, https:\/\/www.meridianillinois.com\/wp-content\/uploads\/meridian-cta-320x263.jpg 320w\" sizes=\"(max-width: 1506px) 100vw, 1506px\" \/><\/figure>\n<\/div>\n<\/div>\n","protected":false},"excerpt":{"rendered":"<p>c\u00f3mo conectarse concobertura \u00bfYa no califica para Medicaid? Tiene opciones. Consulte los planes econ\u00f3micos y encuentre la cobertura adecuada para usted.&nbsp; C\u00f3mo conectarse con otro plan de salud Si ya no es elegible para Medicaid, es importante obtener r\u00e1pidamente otro seguro de salud. Por lo general, cuenta con entre 30 a 60\u202fd\u00edas para inscribirse en [&hellip;]<\/p>\n","protected":false},"author":1,"featured_media":0,"parent":33,"menu_order":0,"comment_status":"closed","ping_status":"closed","template":"","meta":{"_acf_changed":false,"footnotes":""},"class_list":["post-765","page","type-page","status-publish","hentry"],"yoast_head":"<!-- This site is optimized with the Yoast SEO plugin v24.0 - https:\/\/yoast.com\/wordpress\/plugins\/seo\/ -->\n<title>Conectarse con Otros Planes | Meridian<\/title>\n<meta name=\"description\" content=\"Si ya no califica para Medicaid, igualmente tiene varias opciones de seguro de bajo costo o sin costo. Conozca m\u00e1s sobre planes del Mercado, incluida Ambetter Health.\" \/>\n<meta name=\"robots\" content=\"index, follow, max-snippet:-1, max-image-preview:large, max-video-preview:-1\" \/>\n<link rel=\"canonical\" href=\"https:\/\/www.meridianillinois.com\/es\/renovar\/conectarse-con-otros-planes\/\" \/>\n<meta property=\"og:locale\" content=\"es_ES\" \/>\n<meta property=\"og:type\" content=\"article\" \/>\n<meta property=\"og:title\" content=\"Conectarse con Otros Planes | Meridian\" \/>\n<meta property=\"og:description\" content=\"Si ya no califica para Medicaid, igualmente tiene varias opciones de seguro de bajo costo o sin costo. Conozca m\u00e1s sobre planes del Mercado, incluida Ambetter Health.\" \/>\n<meta property=\"og:url\" content=\"https:\/\/www.meridianillinois.com\/es\/renovar\/conectarse-con-otros-planes\/\" \/>\n<meta property=\"og:site_name\" content=\"Meridian\" \/>\n<meta property=\"article:modified_time\" content=\"2026-02-05T22:34:05+00:00\" \/>\n<meta property=\"og:image\" content=\"https:\/\/www.meridianillinois.com\/wp-content\/uploads\/GettyImages-1412894704-edit1-1.jpg\" \/>\n<meta name=\"twitter:card\" content=\"summary_large_image\" \/>\n<meta name=\"twitter:label1\" content=\"Tiempo de lectura\" \/>\n\t<meta name=\"twitter:data1\" content=\"3 minutos\" \/>\n<script type=\"application\/ld+json\" class=\"yoast-schema-graph\">{\"@context\":\"https:\/\/schema.org\",\"@graph\":[{\"@type\":\"WebPage\",\"@id\":\"https:\/\/www.meridianillinois.com\/es\/renovar\/conectarse-con-otros-planes\/\",\"url\":\"https:\/\/www.meridianillinois.com\/es\/renovar\/conectarse-con-otros-planes\/\",\"name\":\"Conectarse con Otros Planes | Meridian\",\"isPartOf\":{\"@id\":\"https:\/\/www.meridianillinois.com\/es\/#website\"},\"primaryImageOfPage\":{\"@id\":\"https:\/\/www.meridianillinois.com\/es\/renovar\/conectarse-con-otros-planes\/#primaryimage\"},\"image\":{\"@id\":\"https:\/\/www.meridianillinois.com\/es\/renovar\/conectarse-con-otros-planes\/#primaryimage\"},\"thumbnailUrl\":\"https:\/\/www.meridianillinois.com\/wp-content\/uploads\/GettyImages-1412894704-edit1-1.jpg\",\"datePublished\":\"2023-01-18T21:29:02+00:00\",\"dateModified\":\"2026-02-05T22:34:05+00:00\",\"description\":\"Si ya no califica para Medicaid, igualmente tiene varias opciones de seguro de bajo costo o sin costo. Conozca m\u00e1s sobre planes del Mercado, incluida Ambetter Health.\",\"breadcrumb\":{\"@id\":\"https:\/\/www.meridianillinois.com\/es\/renovar\/conectarse-con-otros-planes\/#breadcrumb\"},\"inLanguage\":\"es\",\"potentialAction\":[{\"@type\":\"ReadAction\",\"target\":[\"https:\/\/www.meridianillinois.com\/es\/renovar\/conectarse-con-otros-planes\/\"]}]},{\"@type\":\"ImageObject\",\"inLanguage\":\"es\",\"@id\":\"https:\/\/www.meridianillinois.com\/es\/renovar\/conectarse-con-otros-planes\/#primaryimage\",\"url\":\"https:\/\/www.meridianillinois.com\/wp-content\/uploads\/GettyImages-1412894704-edit1-1.jpg\",\"contentUrl\":\"https:\/\/www.meridianillinois.com\/wp-content\/uploads\/GettyImages-1412894704-edit1-1.jpg\"},{\"@type\":\"BreadcrumbList\",\"@id\":\"https:\/\/www.meridianillinois.com\/es\/renovar\/conectarse-con-otros-planes\/#breadcrumb\",\"itemListElement\":[{\"@type\":\"ListItem\",\"position\":1,\"name\":\"Home\",\"item\":\"https:\/\/www.meridianillinois.com\/es\/\"},{\"@type\":\"ListItem\",\"position\":2,\"name\":\"Renovaci\u00f3n de Medicaid\",\"item\":\"https:\/\/www.meridianillinois.com\/es\/\"},{\"@type\":\"ListItem\",\"position\":3,\"name\":\"Conectarse con Otros Planes\"}]},{\"@type\":\"WebSite\",\"@id\":\"https:\/\/www.meridianillinois.com\/es\/#website\",\"url\":\"https:\/\/www.meridianillinois.com\/es\/\",\"name\":\"Meridian\",\"description\":\"\",\"potentialAction\":[{\"@type\":\"SearchAction\",\"target\":{\"@type\":\"EntryPoint\",\"urlTemplate\":\"https:\/\/www.meridianillinois.com\/es\/?s={search_term_string}\"},\"query-input\":{\"@type\":\"PropertyValueSpecification\",\"valueRequired\":true,\"valueName\":\"search_term_string\"}}],\"inLanguage\":\"es\"}]}<\/script>\n<!-- \/ Yoast SEO plugin. -->","yoast_head_json":{"title":"Conectarse con Otros Planes | Meridian","description":"Si ya no califica para Medicaid, igualmente tiene varias opciones de seguro de bajo costo o sin costo. Conozca m\u00e1s sobre planes del Mercado, incluida Ambetter Health.","robots":{"index":"index","follow":"follow","max-snippet":"max-snippet:-1","max-image-preview":"max-image-preview:large","max-video-preview":"max-video-preview:-1"},"canonical":"https:\/\/www.meridianillinois.com\/es\/renovar\/conectarse-con-otros-planes\/","og_locale":"es_ES","og_type":"article","og_title":"Conectarse con Otros Planes | Meridian","og_description":"Si ya no califica para Medicaid, igualmente tiene varias opciones de seguro de bajo costo o sin costo. Conozca m\u00e1s sobre planes del Mercado, incluida Ambetter Health.","og_url":"https:\/\/www.meridianillinois.com\/es\/renovar\/conectarse-con-otros-planes\/","og_site_name":"Meridian","article_modified_time":"2026-02-05T22:34:05+00:00","og_image":[{"url":"https:\/\/www.meridianillinois.com\/wp-content\/uploads\/GettyImages-1412894704-edit1-1.jpg","type":"","width":"","height":""}],"twitter_card":"summary_large_image","twitter_misc":{"Tiempo de lectura":"3 minutos"},"schema":{"@context":"https:\/\/schema.org","@graph":[{"@type":"WebPage","@id":"https:\/\/www.meridianillinois.com\/es\/renovar\/conectarse-con-otros-planes\/","url":"https:\/\/www.meridianillinois.com\/es\/renovar\/conectarse-con-otros-planes\/","name":"Conectarse con Otros Planes | Meridian","isPartOf":{"@id":"https:\/\/www.meridianillinois.com\/es\/#website"},"primaryImageOfPage":{"@id":"https:\/\/www.meridianillinois.com\/es\/renovar\/conectarse-con-otros-planes\/#primaryimage"},"image":{"@id":"https:\/\/www.meridianillinois.com\/es\/renovar\/conectarse-con-otros-planes\/#primaryimage"},"thumbnailUrl":"https:\/\/www.meridianillinois.com\/wp-content\/uploads\/GettyImages-1412894704-edit1-1.jpg","datePublished":"2023-01-18T21:29:02+00:00","dateModified":"2026-02-05T22:34:05+00:00","description":"Si ya no califica para Medicaid, igualmente tiene varias opciones de seguro de bajo costo o sin costo. Conozca m\u00e1s sobre planes del Mercado, incluida Ambetter Health.","breadcrumb":{"@id":"https:\/\/www.meridianillinois.com\/es\/renovar\/conectarse-con-otros-planes\/#breadcrumb"},"inLanguage":"es","potentialAction":[{"@type":"ReadAction","target":["https:\/\/www.meridianillinois.com\/es\/renovar\/conectarse-con-otros-planes\/"]}]},{"@type":"ImageObject","inLanguage":"es","@id":"https:\/\/www.meridianillinois.com\/es\/renovar\/conectarse-con-otros-planes\/#primaryimage","url":"https:\/\/www.meridianillinois.com\/wp-content\/uploads\/GettyImages-1412894704-edit1-1.jpg","contentUrl":"https:\/\/www.meridianillinois.com\/wp-content\/uploads\/GettyImages-1412894704-edit1-1.jpg"},{"@type":"BreadcrumbList","@id":"https:\/\/www.meridianillinois.com\/es\/renovar\/conectarse-con-otros-planes\/#breadcrumb","itemListElement":[{"@type":"ListItem","position":1,"name":"Home","item":"https:\/\/www.meridianillinois.com\/es\/"},{"@type":"ListItem","position":2,"name":"Renovaci\u00f3n de Medicaid","item":"https:\/\/www.meridianillinois.com\/es\/"},{"@type":"ListItem","position":3,"name":"Conectarse con Otros Planes"}]},{"@type":"WebSite","@id":"https:\/\/www.meridianillinois.com\/es\/#website","url":"https:\/\/www.meridianillinois.com\/es\/","name":"Meridian","description":"","potentialAction":[{"@type":"SearchAction","target":{"@type":"EntryPoint","urlTemplate":"https:\/\/www.meridianillinois.com\/es\/?s={search_term_string}"},"query-input":{"@type":"PropertyValueSpecification","valueRequired":true,"valueName":"search_term_string"}}],"inLanguage":"es"}]}},"acf":[],"_links":{"self":[{"href":"https:\/\/www.meridianillinois.com\/es\/wp-json\/wp\/v2\/pages\/765","targetHints":{"allow":["GET"]}}],"collection":[{"href":"https:\/\/www.meridianillinois.com\/es\/wp-json\/wp\/v2\/pages"}],"about":[{"href":"https:\/\/www.meridianillinois.com\/es\/wp-json\/wp\/v2\/types\/page"}],"author":[{"embeddable":true,"href":"https:\/\/www.meridianillinois.com\/es\/wp-json\/wp\/v2\/users\/1"}],"replies":[{"embeddable":true,"href":"https:\/\/www.meridianillinois.com\/es\/wp-json\/wp\/v2\/comments?post=765"}],"version-history":[{"count":29,"href":"https:\/\/www.meridianillinois.com\/es\/wp-json\/wp\/v2\/pages\/765\/revisions"}],"predecessor-version":[{"id":1926,"href":"https:\/\/www.meridianillinois.com\/es\/wp-json\/wp\/v2\/pages\/765\/revisions\/1926"}],"up":[{"embeddable":true,"href":"https:\/\/www.meridianillinois.com\/es\/wp-json\/wp\/v2\/pages\/33"}],"wp:attachment":[{"href":"https:\/\/www.meridianillinois.com\/es\/wp-json\/wp\/v2\/media?parent=765"}],"curies":[{"name":"wp","href":"https:\/\/api.w.org\/{rel}","templated":true}]}}