{"id":395,"date":"2023-03-01T11:46:16","date_gmt":"2023-03-01T17:46:16","guid":{"rendered":"https:\/\/www.meridianillinois.com\/pie-de-pagina-global\/"},"modified":"2025-05-30T13:04:08","modified_gmt":"2025-05-30T18:04:08","slug":"global-footer","status":"publish","type":"page","link":"https:\/\/www.meridianillinois.com\/es\/global-footer\/","title":{"rendered":"Pie de p\u00e1gina global"},"content":{"rendered":"\n<footer class=\"wp-block-group has-white-color has-dark-background-color has-text-color has-background is-layout-flow wp-block-group-is-layout-flow\">\n<div class=\"wp-block-columns is-layout-flex wp-container-core-columns-is-layout-1 wp-block-columns-is-layout-flex\">\n<div class=\"wp-block-column col-md-6 col-xl-3 mb-4x mb-xl-0 is-layout-flow wp-block-column-is-layout-flow\">\n<figure class=\"wp-block-image size-full is-resized d-block mb-4\"><img decoding=\"async\" width=\"582\" height=\"126\" src=\"https:\/\/www.meridianillinois.com\/wp-content\/uploads\/meridian-logo-white.png\" alt=\"\" class=\"wp-image-45\" style=\"width:194px;height:42px\" srcset=\"https:\/\/www.meridianillinois.com\/wp-content\/uploads\/meridian-logo-white.png 582w, https:\/\/www.meridianillinois.com\/wp-content\/uploads\/meridian-logo-white-320x69.png 320w\" sizes=\"(max-width: 582px) 100vw, 582px\" \/><\/figure>\n\n\n\n<figure class=\"wp-block-image size-full is-resized d-block\"><img decoding=\"async\" width=\"525\" height=\"180\" src=\"https:\/\/www.meridianillinois.com\/wp-content\/uploads\/healthchoice-logo-white.png\" alt=\"\" class=\"wp-image-43\" style=\"width:175px;height:60px\" srcset=\"https:\/\/www.meridianillinois.com\/wp-content\/uploads\/healthchoice-logo-white.png 525w, https:\/\/www.meridianillinois.com\/wp-content\/uploads\/healthchoice-logo-white-320x110.png 320w\" sizes=\"(max-width: 525px) 100vw, 525px\" \/><\/figure>\n<\/div>\n\n\n\n<div class=\"wp-block-column order-md-2 order-xl-3 col-md-6 col-xl-3 mb-4x mb-xl-0 is-layout-flow wp-block-column-is-layout-flow\">\n<h2 class=\"wp-block-heading h4 has-white-color has-text-color has-xl-font-size\">Inscripci\u00f3n para el Bolet\u00edn Informativo para Miembros<\/h2>\n\n\n\n<div class=\"wp-block-buttons is-horizontal is-content-justification-left is-layout-flex wp-container-core-buttons-is-layout-1 wp-block-buttons-is-layout-flex\">\n<div class=\"wp-block-button is-style-primary-button\"><a class=\"wp-block-button__link wp-element-button\" href=\"https:\/\/cloud.info.ilmeridian.com\/newsletter-subscribe\" target=\"_blank\" rel=\"noreferrer noopener\">inscribirse<\/a><\/div>\n<\/div>\n<\/div>\n\n\n\n<div class=\"wp-block-column order-md-3 order-xl-2 col-md-12 col-xl-6 mb-4x mb-xl-0 is-layout-flow wp-block-column-is-layout-flow\">  <div class=\"menu-main-menu-container\"><ul id=\"menu-main-menu\" class=\"pd-footer-nav nav d-flex\"><li id=\"menu-item-17\" class=\"pd-main-tag menu-item menu-item-type-post_type menu-item-object-page menu-item-home menu-item-17\"><a href=\"https:\/\/www.meridianillinois.com\/renew\/\">Renovaci\u00f3n de Medicaid<\/a><\/li>\n<li id=\"menu-item-18\" class=\"pd-main-tag menu-item menu-item-type-post_type menu-item-object-page menu-item-18\"><a href=\"https:\/\/www.meridianillinois.com\/renew\/howto\/\">C\u00f3mo Renovar<\/a><\/li>\n<li id=\"menu-item-19\" class=\"pd-main-tag menu-item menu-item-type-post_type menu-item-object-page menu-item-19\"><a href=\"https:\/\/www.meridianillinois.com\/renew\/connect\/\">Conectarse con Otros Planes<\/a><\/li>\n<\/ul><\/div>  \n\n\n  <div class=\"menu-es-toolbar-menu-container\"><ul id=\"menu-es-toolbar-menu\" class=\"pd-footer-nav nav d-flex\"><li id=\"menu-item-1795\" class=\"pd-toolbar-tag menu-item menu-item-type-post_type menu-item-object-page menu-item-1795\"><a href=\"https:\/\/www.meridianillinois.com\/es\/renovar\/para-proveedores\/\">Para Proveedores<\/a><\/li>\n<li id=\"menu-item-1794\" class=\"pd-toolbar-tag menu-item menu-item-type-post_type menu-item-object-page menu-item-1794\"><a href=\"https:\/\/www.meridianillinois.com\/es\/renovar\/para-la-comunidad\/\">Para la Comunidad<\/a><\/li>\n<li id=\"menu-item-1796\" class=\"pd-toolbar-tag menu-item menu-item-type-custom menu-item-object-custom menu-item-1796\"><a href=\"https:\/\/www-es.ilmeridian.com\/\">ILmeridian.com<\/a><\/li>\n<\/ul><\/div>  \n\n\n\n<p class=\"has-sm-font-size\">Est\u00e9 atento a las estafas. <strong>El estado de Illinois nunca le pedir\u00e1 dinero para renovar o solicitar Medicaid.<\/strong> Denuncie las estafas en el <a href=\"https:\/\/hfs.illinois.gov\/oig\/reportfraud.html\" target=\"_blank\" rel=\"noreferrer noopener\">sitio web para denunciar fraudes<\/a> o a la l\u00ednea directa de fraude de Medicaid al <a href=\"tel:+18444537283\">1-844-453-7283<\/a>\/1-844-ILFRAUD.<\/p>\n\n\n\n<p class=\"has-sm-font-size\">El Plan de servicios y apoyos administrados a largo plazo de Meridian incluye servicios de atenci\u00f3n a largo plazo. No incluye las visitas a proveedores, recetas m\u00e9dicas ni otra atenci\u00f3n que cubra Medicare. <a href=\"https:\/\/www-es.ilmeridian.com\/members\/mltss\/member-resources\/handbooks-forms.html\" target=\"_blank\" rel=\"noreferrer noopener\">Obtenga m\u00e1s informaci\u00f3n sobre lo que est\u00e1 cubierto<\/a>.<\/p>\n\n\n\n<p class=\"has-sm-font-size\">Meridian cumple con las leyes federales aplicables en materia de derechos civiles y no discrimina por motivos de raza, color, nacionalidad, edad, discapacidad ni sexo.<\/p>\n\n\n\n<p class=\"has-sm-font-size\">ATENCI\u00d3N: Si habla espa\u00f1ol, tiene a su disposici\u00f3n servicios gratuitos de asistencia ling\u00fc\u00edstica. Llame al <a href=\"tel:+18666063700\">1-866-606-3700<\/a> (TTY: <a href=\"tel:711\">711<\/a>).<\/p>\n\n\n\n<p class=\"pd-arrow-start has-sm-font-size\">Estos enlaces lo llevar\u00e1n a sitios web administrados por el Departamento de Atenci\u00f3n M\u00e9dica y Servicios para Familias (HFS) de Illinois.<\/p>\n<\/div>\n<\/div>\n\n\n\n<hr class=\"wp-block-separator has-text-color has-white-color has-alpha-channel-opacity has-white-background-color has-background is-style-wide pd-footer-rule\"\/>\n\n\n\n<div class=\"wp-block-columns mt-4x mt-lg-0 is-layout-flex wp-container-core-columns-is-layout-2 wp-block-columns-is-layout-flex\">\n<div class=\"wp-block-column col-md-12 col-lg-auto mb-4x my-lg-auto is-layout-flow wp-block-column-is-layout-flow\">\n<ul class=\"wp-block-list list-unstyled list-inline m-0 has-sm-font-size\">\n<li class=\"list-inline-item\">\u00a9 Copyright 2026 Meridian. Todos los derechos reservados.<\/li>\n\n\n\n<li class=\"list-inline-item\"><a href=\"https:\/\/www-es.ilmeridian.com\/privacy-policy.html\" target=\"_blank\" rel=\"noreferrer noopener\">Pol\u00edtica de privacidad<\/a><\/li>\n\n\n\n<li class=\"list-inline-item\"><a href=\"https:\/\/www-es.ilmeridian.com\/terms-conditions.html\" target=\"_blank\" rel=\"noreferrer noopener\">T\u00e9rminos y condiciones<\/a><\/li>\n<\/ul>\n<\/div>\n\n\n\n<div class=\"wp-block-column col-md-12 col-lg-auto ml-lg-auto my-lg-auto is-layout-flow wp-block-column-is-layout-flow\">  <div class=\"menu-footer-menu-container\"><ul id=\"menu-footer-menu\" class=\"pd-footer-nav pd-footer-social nav d-flex m-0\"><li id=\"menu-item-241\" class=\"pd-social-icon menu-item menu-item-type-custom menu-item-object-custom menu-item-241\"><a target=\"_blank\" href=\"https:\/\/www.facebook.com\/ILMeridian\"><i class=\"fa-brands fa-facebook-f\"><p class=\"sr-only\">Facebook<\/p><\/i><\/a><\/li>\n<li id=\"menu-item-242\" class=\"pd-social-icon menu-item menu-item-type-custom menu-item-object-custom menu-item-242\"><a target=\"_blank\" href=\"https:\/\/twitter.com\/ILMeridian\"><i class=\"fa-brands fa-x-twitter\"><p class=\"sr-only\">Twitter<\/p><\/i><\/a><\/li>\n<li id=\"menu-item-243\" class=\"pd-social-icon menu-item menu-item-type-custom menu-item-object-custom menu-item-243\"><a target=\"_blank\" href=\"https:\/\/www.instagram.com\/ilmeridian\/\"><i class=\"fa-brands fa-instagram\"><p class=\"sr-only\">Instagram<\/p><\/i><\/a><\/li>\n<li id=\"menu-item-244\" class=\"pd-social-icon menu-item menu-item-type-custom menu-item-object-custom menu-item-244\"><a target=\"_blank\" href=\"https:\/\/www.linkedin.com\/company\/meridianhealth-of-illinois\/\"><i class=\"fa-brands fa-linkedin-in\"><p class=\"sr-only\">LinkedIn<\/p><\/i><\/a><\/li>\n<\/ul><\/div>  \n<\/div>\n<\/div>\n<\/footer>\n","protected":false},"excerpt":{"rendered":"<p>Inscripci\u00f3n para el Bolet\u00edn Informativo para Miembros Est\u00e9 atento a las estafas. El estado de Illinois nunca le pedir\u00e1 dinero para renovar o solicitar Medicaid. Denuncie las estafas en el sitio web para denunciar fraudes o a la l\u00ednea directa de fraude de Medicaid al 1-844-453-7283\/1-844-ILFRAUD. El Plan de servicios y apoyos administrados a largo [&hellip;]<\/p>\n","protected":false},"author":1,"featured_media":0,"parent":0,"menu_order":0,"comment_status":"closed","ping_status":"closed","template":"","meta":{"_acf_changed":false,"footnotes":""},"class_list":["post-395","page","type-page","status-publish","hentry"],"yoast_head":"<!-- This site is optimized with the Yoast SEO plugin v24.0 - https:\/\/yoast.com\/wordpress\/plugins\/seo\/ -->\n<title>Pie de p\u00e1gina global | Meridian<\/title>\n<meta name=\"robots\" content=\"index, follow, max-snippet:-1, max-image-preview:large, max-video-preview:-1\" \/>\n<link rel=\"canonical\" href=\"https:\/\/www.meridianillinois.com\/es\/global-footer\/\" \/>\n<meta property=\"og:locale\" content=\"es_ES\" \/>\n<meta property=\"og:type\" content=\"article\" \/>\n<meta property=\"og:title\" content=\"Pie de p\u00e1gina global | Meridian\" \/>\n<meta property=\"og:description\" content=\"Inscripci\u00f3n para el Bolet\u00edn Informativo para Miembros Est\u00e9 atento a las estafas. El estado de Illinois nunca le pedir\u00e1 dinero para renovar o solicitar Medicaid. Denuncie las estafas en el sitio web para denunciar fraudes o a la l\u00ednea directa de fraude de Medicaid al 1-844-453-7283\/1-844-ILFRAUD. El Plan de servicios y apoyos administrados a largo [&hellip;]\" \/>\n<meta property=\"og:url\" content=\"https:\/\/www.meridianillinois.com\/es\/global-footer\/\" \/>\n<meta property=\"og:site_name\" content=\"Meridian\" \/>\n<meta property=\"article:modified_time\" content=\"2025-05-30T18:04:08+00:00\" \/>\n<meta property=\"og:image\" content=\"https:\/\/www.meridianillinois.com\/wp-content\/uploads\/meridian-logo-white.png\" \/>\n<meta name=\"twitter:card\" content=\"summary_large_image\" \/>\n<meta name=\"twitter:label1\" content=\"Tiempo de lectura\" \/>\n\t<meta name=\"twitter:data1\" content=\"2 minutos\" \/>\n<script type=\"application\/ld+json\" class=\"yoast-schema-graph\">{\"@context\":\"https:\/\/schema.org\",\"@graph\":[{\"@type\":\"WebPage\",\"@id\":\"https:\/\/www.meridianillinois.com\/es\/global-footer\/\",\"url\":\"https:\/\/www.meridianillinois.com\/es\/global-footer\/\",\"name\":\"Pie de p\u00e1gina global | Meridian\",\"isPartOf\":{\"@id\":\"https:\/\/www.meridianillinois.com\/es\/#website\"},\"primaryImageOfPage\":{\"@id\":\"https:\/\/www.meridianillinois.com\/es\/global-footer\/#primaryimage\"},\"image\":{\"@id\":\"https:\/\/www.meridianillinois.com\/es\/global-footer\/#primaryimage\"},\"thumbnailUrl\":\"https:\/\/www.meridianillinois.com\/wp-content\/uploads\/meridian-logo-white.png\",\"datePublished\":\"2023-03-01T17:46:16+00:00\",\"dateModified\":\"2025-05-30T18:04:08+00:00\",\"breadcrumb\":{\"@id\":\"https:\/\/www.meridianillinois.com\/es\/global-footer\/#breadcrumb\"},\"inLanguage\":\"es\",\"potentialAction\":[{\"@type\":\"ReadAction\",\"target\":[\"https:\/\/www.meridianillinois.com\/es\/global-footer\/\"]}]},{\"@type\":\"ImageObject\",\"inLanguage\":\"es\",\"@id\":\"https:\/\/www.meridianillinois.com\/es\/global-footer\/#primaryimage\",\"url\":\"https:\/\/www.meridianillinois.com\/wp-content\/uploads\/meridian-logo-white.png\",\"contentUrl\":\"https:\/\/www.meridianillinois.com\/wp-content\/uploads\/meridian-logo-white.png\"},{\"@type\":\"BreadcrumbList\",\"@id\":\"https:\/\/www.meridianillinois.com\/es\/global-footer\/#breadcrumb\",\"itemListElement\":[{\"@type\":\"ListItem\",\"position\":1,\"name\":\"Home\",\"item\":\"https:\/\/www.meridianillinois.com\/es\/\"},{\"@type\":\"ListItem\",\"position\":2,\"name\":\"Pie de p\u00e1gina global\"}]},{\"@type\":\"WebSite\",\"@id\":\"https:\/\/www.meridianillinois.com\/es\/#website\",\"url\":\"https:\/\/www.meridianillinois.com\/es\/\",\"name\":\"Meridian\",\"description\":\"\",\"potentialAction\":[{\"@type\":\"SearchAction\",\"target\":{\"@type\":\"EntryPoint\",\"urlTemplate\":\"https:\/\/www.meridianillinois.com\/es\/?s={search_term_string}\"},\"query-input\":{\"@type\":\"PropertyValueSpecification\",\"valueRequired\":true,\"valueName\":\"search_term_string\"}}],\"inLanguage\":\"es\"}]}<\/script>\n<!-- \/ Yoast SEO plugin. -->","yoast_head_json":{"title":"Pie de p\u00e1gina global | Meridian","robots":{"index":"index","follow":"follow","max-snippet":"max-snippet:-1","max-image-preview":"max-image-preview:large","max-video-preview":"max-video-preview:-1"},"canonical":"https:\/\/www.meridianillinois.com\/es\/global-footer\/","og_locale":"es_ES","og_type":"article","og_title":"Pie de p\u00e1gina global | Meridian","og_description":"Inscripci\u00f3n para el Bolet\u00edn Informativo para Miembros Est\u00e9 atento a las estafas. El estado de Illinois nunca le pedir\u00e1 dinero para renovar o solicitar Medicaid. Denuncie las estafas en el sitio web para denunciar fraudes o a la l\u00ednea directa de fraude de Medicaid al 1-844-453-7283\/1-844-ILFRAUD. El Plan de servicios y apoyos administrados a largo [&hellip;]","og_url":"https:\/\/www.meridianillinois.com\/es\/global-footer\/","og_site_name":"Meridian","article_modified_time":"2025-05-30T18:04:08+00:00","og_image":[{"url":"https:\/\/www.meridianillinois.com\/wp-content\/uploads\/meridian-logo-white.png","type":"","width":"","height":""}],"twitter_card":"summary_large_image","twitter_misc":{"Tiempo de lectura":"2 minutos"},"schema":{"@context":"https:\/\/schema.org","@graph":[{"@type":"WebPage","@id":"https:\/\/www.meridianillinois.com\/es\/global-footer\/","url":"https:\/\/www.meridianillinois.com\/es\/global-footer\/","name":"Pie de p\u00e1gina global | Meridian","isPartOf":{"@id":"https:\/\/www.meridianillinois.com\/es\/#website"},"primaryImageOfPage":{"@id":"https:\/\/www.meridianillinois.com\/es\/global-footer\/#primaryimage"},"image":{"@id":"https:\/\/www.meridianillinois.com\/es\/global-footer\/#primaryimage"},"thumbnailUrl":"https:\/\/www.meridianillinois.com\/wp-content\/uploads\/meridian-logo-white.png","datePublished":"2023-03-01T17:46:16+00:00","dateModified":"2025-05-30T18:04:08+00:00","breadcrumb":{"@id":"https:\/\/www.meridianillinois.com\/es\/global-footer\/#breadcrumb"},"inLanguage":"es","potentialAction":[{"@type":"ReadAction","target":["https:\/\/www.meridianillinois.com\/es\/global-footer\/"]}]},{"@type":"ImageObject","inLanguage":"es","@id":"https:\/\/www.meridianillinois.com\/es\/global-footer\/#primaryimage","url":"https:\/\/www.meridianillinois.com\/wp-content\/uploads\/meridian-logo-white.png","contentUrl":"https:\/\/www.meridianillinois.com\/wp-content\/uploads\/meridian-logo-white.png"},{"@type":"BreadcrumbList","@id":"https:\/\/www.meridianillinois.com\/es\/global-footer\/#breadcrumb","itemListElement":[{"@type":"ListItem","position":1,"name":"Home","item":"https:\/\/www.meridianillinois.com\/es\/"},{"@type":"ListItem","position":2,"name":"Pie de p\u00e1gina global"}]},{"@type":"WebSite","@id":"https:\/\/www.meridianillinois.com\/es\/#website","url":"https:\/\/www.meridianillinois.com\/es\/","name":"Meridian","description":"","potentialAction":[{"@type":"SearchAction","target":{"@type":"EntryPoint","urlTemplate":"https:\/\/www.meridianillinois.com\/es\/?s={search_term_string}"},"query-input":{"@type":"PropertyValueSpecification","valueRequired":true,"valueName":"search_term_string"}}],"inLanguage":"es"}]}},"acf":[],"_links":{"self":[{"href":"https:\/\/www.meridianillinois.com\/es\/wp-json\/wp\/v2\/pages\/395","targetHints":{"allow":["GET"]}}],"collection":[{"href":"https:\/\/www.meridianillinois.com\/es\/wp-json\/wp\/v2\/pages"}],"about":[{"href":"https:\/\/www.meridianillinois.com\/es\/wp-json\/wp\/v2\/types\/page"}],"author":[{"embeddable":true,"href":"https:\/\/www.meridianillinois.com\/es\/wp-json\/wp\/v2\/users\/1"}],"replies":[{"embeddable":true,"href":"https:\/\/www.meridianillinois.com\/es\/wp-json\/wp\/v2\/comments?post=395"}],"version-history":[{"count":30,"href":"https:\/\/www.meridianillinois.com\/es\/wp-json\/wp\/v2\/pages\/395\/revisions"}],"predecessor-version":[{"id":1902,"href":"https:\/\/www.meridianillinois.com\/es\/wp-json\/wp\/v2\/pages\/395\/revisions\/1902"}],"wp:attachment":[{"href":"https:\/\/www.meridianillinois.com\/es\/wp-json\/wp\/v2\/media?parent=395"}],"curies":[{"name":"wp","href":"https:\/\/api.w.org\/{rel}","templated":true}]}}